{"id":12135,"date":"2025-04-17T13:06:43","date_gmt":"2025-04-17T11:06:43","guid":{"rendered":"https:\/\/www.netrotec.com\/?page_id=12135"},"modified":"2025-11-29T10:21:19","modified_gmt":"2025-11-29T09:21:19","slug":"terminos-condiciones-uso","status":"publish","type":"page","link":"https:\/\/www.netrotec.com\/es\/terminos-condiciones-uso\/","title":{"rendered":"T\u00e9rminos y condiciones de uso"},"content":{"rendered":"\t\t<div data-elementor-type=\"wp-page\" data-elementor-id=\"12135\" class=\"elementor elementor-12135\">\n\t\t\t\t\t\t<section class=\"elementor-section elementor-top-section elementor-element elementor-element-40c2cc2 elementor-section-boxed elementor-section-height-default elementor-section-height-default\" data-id=\"40c2cc2\" data-element_type=\"section\" data-e-type=\"section\">\n\t\t\t\t\t\t<div class=\"elementor-container elementor-column-gap-default\">\n\t\t\t\t\t<div class=\"elementor-column elementor-col-100 elementor-top-column elementor-element elementor-element-1c4e243\" data-id=\"1c4e243\" data-element_type=\"column\" data-e-type=\"column\">\n\t\t\t<div class=\"elementor-widget-wrap elementor-element-populated\">\n\t\t\t\t\t\t<div class=\"elementor-element elementor-element-d815750 elementor-widget elementor-widget-heading\" data-id=\"d815750\" data-element_type=\"widget\" data-e-type=\"widget\" data-widget_type=\"heading.default\">\n\t\t\t\t<div class=\"elementor-widget-container\">\n\t\t\t\t\t<h2 class=\"elementor-heading-title elementor-size-default\">Ley de Servicios de la Sociedad de la Informaci\u00f3n (LSSI)<\/h2>\t\t\t\t<\/div>\n\t\t\t\t<\/div>\n\t\t\t\t<div class=\"elementor-element elementor-element-4ce68ca elementor-widget-divider--view-line elementor-widget elementor-widget-divider\" data-id=\"4ce68ca\" data-element_type=\"widget\" data-e-type=\"widget\" data-widget_type=\"divider.default\">\n\t\t\t\t<div class=\"elementor-widget-container\">\n\t\t\t\t\t\t\t<div class=\"elementor-divider\">\n\t\t\t<span class=\"elementor-divider-separator\">\n\t\t\t\t\t\t<\/span>\n\t\t<\/div>\n\t\t\t\t\t\t<\/div>\n\t\t\t\t<\/div>\n\t\t\t\t<div class=\"elementor-element elementor-element-6da89da elementor-widget elementor-widget-text-editor\" data-id=\"6da89da\" data-element_type=\"widget\" data-e-type=\"widget\" data-widget_type=\"text-editor.default\">\n\t\t\t\t<div class=\"elementor-widget-container\">\n\t\t\t\t\t\t\t\t\t<p><strong>NETROTEC<\/strong>, responsable del sitio web, pone a disposici\u00f3n de los usuarios el presente documento, con el que pretende dar cumplimiento a las obligaciones dispuestas en la Ley 34\/2002, de 11 de julio, de Servicios de la Sociedad de la Informaci\u00f3n y de Comercio Electr\u00f3nico. (LSSICE), BOE n\u00fam. 166, as\u00ed como informar a todos los usuarios del sitio web respecto a cu\u00e1les son las condiciones de uso.<\/p><p>Toda persona que acceda a este sitio web asume el papel de usuario, comprometi\u00e9ndose a la observancia y cumplimiento riguroso de las disposiciones aqu\u00ed dispuestas, as\u00ed como a cualquier otra disposici\u00f3n legal que fuera de aplicaci\u00f3n.<\/p><p>NETROTEC se reserva el derecho a modificar cualquier tipo de informaci\u00f3n que pudiera aparecer en el sitio web, sin que exista obligaci\u00f3n de preavisar o poner en conocimiento de los usuarios dichas obligaciones, entendi\u00e9ndose como suficiente con la publicaci\u00f3n en el sitio web de NETROTEC.<\/p><h5>1. DATOS IDENTIFICATIVOS<\/h5><p><strong>Nombre de dominio<\/strong>: netrotec.com<\/p><p><strong>Nombre comercial<\/strong>: NETROTEC CONSULTOR\u00cdA INFORM\u00c1TICA<\/p><p><strong>Raz\u00f3n social<\/strong>: ANTONIO JOS\u00c9 FAJARDO JUAN<\/p><p><strong>NIF<\/strong>: 02714851T<\/p><p><strong>Domicilio<\/strong>: CALLE ANTONIO MACHADO 51. 03181. Torrevieja, Alicante<\/p><p><strong>Tel\u00e9fono<\/strong>: 865 942 361<\/p><p><strong>Correo electr\u00f3nico<\/strong>: info@netrotec.com<\/p><h5>2. DERECHOS DE PROPIEDAD INTELECTUAL E INDUSTRIAL<\/h5><p>El sitio web, incluyendo a t\u00edtulo enunciativo pero no limitativo su programaci\u00f3n, edici\u00f3n, compilaci\u00f3n y dem\u00e1s elementos necesarios para su funcionamiento, los dise\u00f1os, logotipos, texto y\/o gr\u00e1ficos, son propiedad del RESPONSABLE o en su caso dispone de licencia o autorizaci\u00f3n expresa. por los autores. Todos los contenidos del sitio web se encuentran debidamente protegidos por la normativa de propiedad intelectual e industrial, as\u00ed como inscritos en los registros p\u00fablicos correspondientes. Independientemente de la finalidad para la que fueran destinados, la reproducci\u00f3n total o parcial, uso, explotaci\u00f3n, distribuci\u00f3n y comercializaci\u00f3n, requiere en todo caso de la autorizaci\u00f3n escrita previa por parte del RESPONSABLE. Cualquier uso no autorizado previamente es considerado un incumplimiento grave de los derechos de propiedad intelectual o industrial del autor.<\/p><p>Los dise\u00f1os, logotipos, texto y\/o gr\u00e1ficos ajenos al RESPONSABLE y que pudieran aparecer en el sitio web, pertenecen a sus respectivos propietarios, siendo ellos mismos responsables de cualquier posible controversia que pudiera suscitarse respecto a los mismos. El RESPONSABLE autoriza expresamente a que terceros puedan redirigir directamente a los contenidos concretos del sitio web, y en todo caso redirigir al sitio web principal de netrotec.com.<\/p><p>El RESPONSABLE reconoce a favor de sus titulares los correspondientes derechos de propiedad intelectual e industrial, no implicando su sola menci\u00f3n o aparici\u00f3n en el sitio web la existencia de derechos o responsabilidad alguna sobre los mismos, como tampoco respaldo, patrocinio o recomendaci\u00f3n por parte del mismo.<\/p><p>Para realizar cualquier tipo de observaci\u00f3n respecto a posibles incumplimientos de los derechos de propiedad intelectual o industrial, as\u00ed como sobre cualquiera de los contenidos del sitio web, puede hacerlo a trav\u00e9s del correo electr\u00f3nico info@netrotec.com<\/p><h5>3. EXENCI\u00d3N DE RESPONSABILIDAD<\/h5><p>El RESPONSABLE se exime de cualquier tipo de responsabilidad derivada de la informaci\u00f3n publicada en su sitio web siempre que no tenga conocimiento efectivo de que dicha informaci\u00f3n ha sido manipulada o introducida por un tercero ajeno al mismo o, en su caso, haya actuado con diligencia para retirar los datos o hacer imposible el acceso a los mismos.<\/p><h6>Uso de cookies<\/h6><p>Este sitio web puede utilizar cookies t\u00e9cnicas (peque\u00f1os archivos de informaci\u00f3n que el servidor env\u00eda al ordenador de quien accede a la p\u00e1gina) para llevar a cabo determinadas funciones que son consideradas imprescindibles para el correcto funcionamiento y visualizaci\u00f3n del sitio. Las cookies utilizadas tienen, en todo caso, car\u00e1cter temporal con la \u00fanica finalidad de hacer m\u00e1s eficaz la navegaci\u00f3n y desaparecen al terminar la sesi\u00f3n del usuario. En ning\u00fan caso, estas cookies proporcionan por s\u00ed mismas datos de car\u00e1cter personal y no se utilizar\u00e1n para recogerlos.<\/p><p>Mediante el uso de las cookies tambi\u00e9n es posible que el servidor donde se encuentra la web reconozca el navegador utilizado por el usuario con la finalidad de que la navegaci\u00f3n sea m\u00e1s sencilla, permitiendo, por ejemplo, el acceso de los usuarios que se hayan registrado previamente a las \u00e1reas, servicios, promociones o concursos reservados exclusivamente a ellos sin necesidad de registrarse en cada visita. Tambi\u00e9n se pueden utilizar para medir la audiencia, par\u00e1metros del tr\u00e1fico, controlar el progreso y n\u00famero de entradas, etc., siendo cookies t\u00e9cnicamente prescindibles en estos casos, pero beneficiosas para el usuario. Este sitio web no instalar\u00e1 cookies prescindibles sin el consentimiento previo del usuario.<\/p><p>El usuario tiene la posibilidad de configurar su navegador para ser avisado de la recepci\u00f3n de cookies y para impedir su instalaci\u00f3n en su equipo. Por favor, consulte las instrucciones de su navegador para m\u00e1s informaci\u00f3n.<\/p><h6>Pol\u00edtica de enlaces<\/h6><p>Desde el sitio web, puede ser redirigido a contenido de sitios web de terceros. Dado que el RESPONSABLE no puede controlar siempre los contenidos introducidos por los terceros en sus respectivos sitios web, no asume ning\u00fan tipo de responsabilidad respecto a dichos contenidos. En todo caso, se proceder\u00e1 a la retirada inmediata de cualquier contenido que pudiera contravenir la legislaci\u00f3n nacional o internacional, la moral o el orden p\u00fablico, procedi\u00e9ndose a la retirada inmediata de la redirecci\u00f3n a dicho sitio web, informando a las autoridades competentes del contenido. en cuesti\u00f3n.<\/p><p>El RESPONSABLE no se hace responsable de la informaci\u00f3n y contenidos almacenados, a t\u00edtulo enunciativo pero no limitativo, en foros, chats, generadores de blogs, comentarios, redes sociales o cualquier otro medio que permita a terceros publicar contenidos de forma independiente en el sitio web. del RESPONSABLE. No obstante, y en cumplimiento de lo dispuesto en los art\u00edculos 11 y 16 de la LSSICE, se pone a disposici\u00f3n de todos los usuarios, autoridades y fuerzas de seguridad, colaborando de forma activa en la retirada o, en su caso, bloqueo de todos aquellos contenidos que puedan afectar o contravenir la legislaci\u00f3n nacional o internacional, los derechos de terceros o la moral y el orden p\u00fablico. En caso de que el usuario considere que existe en el sitio web alg\u00fan contenido que pudiera ser susceptible de esta clasificaci\u00f3n, se ruega lo notifique de forma inmediata al administrador del sitio web.<\/p><p>Este sitio web ha sido revisado y probado para que funcione correctamente. En principio, se puede garantizar el correcto funcionamiento los 365 d\u00edas del a\u00f1o, las 24 horas del d\u00eda. No obstante, el RESPONSABLE no descarta la posibilidad de que existan determinados errores de programaci\u00f3n, o que se produzcan causas de fuerza mayor, cat\u00e1strofes naturales, huelgas o circunstancias an\u00e1logas que hagan imposible el acceso al sitio web.<\/p><h6>Direcciones IP<\/h6><p>Los servidores del sitio web podr\u00e1n detectar de forma autom\u00e1tica la direcci\u00f3n IP y el nombre de dominio utilizados por el usuario. Una direcci\u00f3n IP es un n\u00famero asignado autom\u00e1ticamente a una computadora cuando se conecta a Internet. Toda esta informaci\u00f3n queda registrada en un fichero de actividad del servidor que permite el posterior tratamiento de los datos con el fin de obtener mediciones \u00fanicamente estad\u00edsticas que permitan conocer el n\u00famero de impresiones de p\u00e1ginas, el n\u00famero de visitas realizadas a los servidores web, el orden de las visitas, la punto de acceso, etc<\/p><h5>4. LEY APLICABLE Y JURISDICCI\u00d3N<\/h5><p>Para la resoluci\u00f3n de todas las controversias o cuestiones relacionadas con el presente sitio web o de las actividades en \u00e9l desarrolladas, ser\u00e1 de aplicaci\u00f3n la legislaci\u00f3n espa\u00f1ola, a la que se someten expresamente las partes, siendo competentes para la resoluci\u00f3n de todos los conflictos derivados o relacionados con su uso los Juzgados y Tribunales de Torrevieja.<\/p><h5>5. FORMAS DE COMPRA<\/h5><p>Algunos de nuestros servicios proporcionan un sistema de pago a trav\u00e9s de TPV virtual proporcionado por la tecnolog\u00eda Redsys.<\/p><p>El usuario debe considerar que somos la entidad responsable de la operaci\u00f3n, pero es proporcionado por un servicio externo con una comunicaci\u00f3n encriptada por protocolo SSL. No solo no guardamos sus datos de pago, sino que tampoco compartimos su informaci\u00f3n personal con nadie. No podemos ver su informaci\u00f3n de pago porque el sistema es atendido por un proveedor externo.<\/p><h5>6. POL\u00cdTICA DE DEVOLUCIONES<\/h5><p>Debido a la naturaleza intangible de los productos y servicios que se venden en este sitio web, no existe la posibilidad de desistimiento ni devoluci\u00f3n. En el caso de las licencias de software, si por error el cliente hubiese proporcionado una informaci\u00f3n inexacta como por ejemplo el CIF vinculado a la misma licencia deber\u00e1 comunicarlo en un periodo no superior a 24 horas laborables desde el momento en el que se le haga entrega de la misma mediante correo electr\u00f3nico a info@netrotec.com o por tel\u00e9fono al 865\u00a0 942 361 contactando con el departamento inform\u00e1tico. Fuera de ese plazo todas las solicitudes ser\u00e1n desestimadas.<\/p><p>Los clientes deben proporcionarnos la identificaci\u00f3n del pedido para encontrar su servicio. Recuerda dec\u00edrnoslo por tel\u00e9fono, tambi\u00e9n por correo electr\u00f3nico si nos est\u00e1s enviando un correo. Si no nos lo facilita no podemos considerarlo como una solicitud formal y, por tanto, no se considerar\u00e1 como una solicitud correcta para solicitar un reembolso.<\/p><p>Cualquier solicitud de reembolso aceptada se ejecutar\u00e1 a trav\u00e9s del mismo m\u00e9todo que el pago original.<\/p><h5>7. POL\u00cdTICA DE ENTREGA DE PRODUCTOS<\/h5><p>A partir del momento en el que el cliente realice el pago de un producto o servicio, NETROTEC recibir\u00e1 una notificaci\u00f3n automatizada del mismo para proceder a su implementaci\u00f3n y env\u00edo. NETROTEC del mismo modo emitir\u00e1 una factura que ser\u00e1 enviada al cliente al mismo medio donde se haga env\u00edo del producto o servicio contratado.<\/p><h5>8. PROPIEDAD INTELECTUAL<\/h5><p>NETROTEC es el leg\u00edtimo propietario intelectual de todos los productos y servicios que ofrece en este sitio web. Queda totalmente prohibida la distribuci\u00f3n total o parcial de los contenidos y servicios publicados en este sitio web. Las licencias software proporcionadas por NETROTEC son un producto nominativo al cliente que las adquiri\u00f3 originalmente, por lo que no son susceptibles de ser transferidas o comercializadas sin autorizaci\u00f3n expresa de NETROTEC.<\/p>\t\t\t\t\t\t\t\t<\/div>\n\t\t\t\t<\/div>\n\t\t\t\t\t<\/div>\n\t\t<\/div>\n\t\t\t\t\t<\/div>\n\t\t<\/section>\n\t\t\t\t<\/div>\n\t\t","protected":false},"excerpt":{"rendered":"<p>Ley de Servicios de la Sociedad de la Informaci\u00f3n (LSSI) NETROTEC, responsable del sitio web, pone a disposici\u00f3n de los usuarios el presente documento, con el que pretende dar cumplimiento a las obligaciones dispuestas en la Ley 34\/2002, de 11 de julio, de Servicios de la Sociedad de la Informaci\u00f3n<span class=\"more-dots\">&#8230;<\/span><\/p>\n","protected":false},"author":1,"featured_media":0,"parent":0,"menu_order":0,"comment_status":"closed","ping_status":"closed","template":"","meta":{"footnotes":""},"class_list":["post-12135","page","type-page","status-publish","hentry"],"yoast_head":"<!-- This site is optimized with the Yoast SEO plugin v24.8.1 - https:\/\/yoast.com\/wordpress\/plugins\/seo\/ -->\n<title>T\u00e9rminos y condiciones de uso - Netrotec<\/title>\n<meta name=\"robots\" content=\"index, follow, max-snippet:-1, max-image-preview:large, max-video-preview:-1\" \/>\n<link rel=\"canonical\" href=\"https:\/\/www.netrotec.com\/es\/terminos-condiciones-uso\/\" \/>\n<meta property=\"og:locale\" content=\"es_ES\" \/>\n<meta property=\"og:type\" content=\"article\" \/>\n<meta property=\"og:title\" content=\"T\u00e9rminos y condiciones de uso - Netrotec\" \/>\n<meta property=\"og:description\" content=\"Ley de Servicios de la Sociedad de la Informaci\u00f3n (LSSI) NETROTEC, responsable del sitio web, pone a disposici\u00f3n de los usuarios el presente documento, con el que pretende dar cumplimiento a las obligaciones dispuestas en la Ley 34\/2002, de 11 de julio, de Servicios de la Sociedad de la Informaci\u00f3n...\" \/>\n<meta property=\"og:url\" content=\"https:\/\/www.netrotec.com\/es\/terminos-condiciones-uso\/\" \/>\n<meta property=\"og:site_name\" content=\"Netrotec\" \/>\n<meta property=\"article:modified_time\" content=\"2025-11-29T09:21:19+00:00\" \/>\n<meta name=\"twitter:card\" content=\"summary_large_image\" \/>\n<meta name=\"twitter:label1\" content=\"Tiempo de lectura\" \/>\n\t<meta name=\"twitter:data1\" content=\"8 minutos\" \/>\n<script type=\"application\/ld+json\" class=\"yoast-schema-graph\">{\"@context\":\"https:\/\/schema.org\",\"@graph\":[{\"@type\":\"WebPage\",\"@id\":\"https:\/\/www.netrotec.com\/terminos-condiciones-uso\/\",\"url\":\"https:\/\/www.netrotec.com\/terminos-condiciones-uso\/\",\"name\":\"T\u00e9rminos y condiciones de uso - Netrotec\",\"isPartOf\":{\"@id\":\"https:\/\/www.netrotec.com\/#website\"},\"datePublished\":\"2025-04-17T11:06:43+00:00\",\"dateModified\":\"2025-11-29T09:21:19+00:00\",\"breadcrumb\":{\"@id\":\"https:\/\/www.netrotec.com\/terminos-condiciones-uso\/#breadcrumb\"},\"inLanguage\":\"es\",\"potentialAction\":[{\"@type\":\"ReadAction\",\"target\":[\"https:\/\/www.netrotec.com\/terminos-condiciones-uso\/\"]}]},{\"@type\":\"BreadcrumbList\",\"@id\":\"https:\/\/www.netrotec.com\/terminos-condiciones-uso\/#breadcrumb\",\"itemListElement\":[{\"@type\":\"ListItem\",\"position\":1,\"name\":\"Home\",\"item\":\"https:\/\/www.netrotec.com\/\"},{\"@type\":\"ListItem\",\"position\":2,\"name\":\"T\u00e9rminos y condiciones de uso\"}]},{\"@type\":\"WebSite\",\"@id\":\"https:\/\/www.netrotec.com\/#website\",\"url\":\"https:\/\/www.netrotec.com\/\",\"name\":\"Netrotec\",\"description\":\"Servicios inform\u00e1ticos\",\"publisher\":{\"@id\":\"https:\/\/www.netrotec.com\/#organization\"},\"potentialAction\":[{\"@type\":\"SearchAction\",\"target\":{\"@type\":\"EntryPoint\",\"urlTemplate\":\"https:\/\/www.netrotec.com\/?s={search_term_string}\"},\"query-input\":{\"@type\":\"PropertyValueSpecification\",\"valueRequired\":true,\"valueName\":\"search_term_string\"}}],\"inLanguage\":\"es\"},{\"@type\":\"Organization\",\"@id\":\"https:\/\/www.netrotec.com\/#organization\",\"name\":\"Netrotec\",\"url\":\"https:\/\/www.netrotec.com\/\",\"logo\":{\"@type\":\"ImageObject\",\"inLanguage\":\"es\",\"@id\":\"https:\/\/www.netrotec.com\/#\/schema\/logo\/image\/\",\"url\":\"https:\/\/www.netrotec.com\/wp-content\/uploads\/2025\/04\/cropped-logo-claro.png\",\"contentUrl\":\"https:\/\/www.netrotec.com\/wp-content\/uploads\/2025\/04\/cropped-logo-claro.png\",\"width\":472,\"height\":118,\"caption\":\"Netrotec\"},\"image\":{\"@id\":\"https:\/\/www.netrotec.com\/#\/schema\/logo\/image\/\"}}]}<\/script>\n<!-- \/ Yoast SEO plugin. -->","yoast_head_json":{"title":"T\u00e9rminos y condiciones de uso - Netrotec","robots":{"index":"index","follow":"follow","max-snippet":"max-snippet:-1","max-image-preview":"max-image-preview:large","max-video-preview":"max-video-preview:-1"},"canonical":"https:\/\/www.netrotec.com\/es\/terminos-condiciones-uso\/","og_locale":"es_ES","og_type":"article","og_title":"T\u00e9rminos y condiciones de uso - Netrotec","og_description":"Ley de Servicios de la Sociedad de la Informaci\u00f3n (LSSI) NETROTEC, responsable del sitio web, pone a disposici\u00f3n de los usuarios el presente documento, con el que pretende dar cumplimiento a las obligaciones dispuestas en la Ley 34\/2002, de 11 de julio, de Servicios de la Sociedad de la Informaci\u00f3n...","og_url":"https:\/\/www.netrotec.com\/es\/terminos-condiciones-uso\/","og_site_name":"Netrotec","article_modified_time":"2025-11-29T09:21:19+00:00","twitter_card":"summary_large_image","twitter_misc":{"Tiempo de lectura":"8 minutos"},"schema":{"@context":"https:\/\/schema.org","@graph":[{"@type":"WebPage","@id":"https:\/\/www.netrotec.com\/terminos-condiciones-uso\/","url":"https:\/\/www.netrotec.com\/terminos-condiciones-uso\/","name":"T\u00e9rminos y condiciones de uso - Netrotec","isPartOf":{"@id":"https:\/\/www.netrotec.com\/#website"},"datePublished":"2025-04-17T11:06:43+00:00","dateModified":"2025-11-29T09:21:19+00:00","breadcrumb":{"@id":"https:\/\/www.netrotec.com\/terminos-condiciones-uso\/#breadcrumb"},"inLanguage":"es","potentialAction":[{"@type":"ReadAction","target":["https:\/\/www.netrotec.com\/terminos-condiciones-uso\/"]}]},{"@type":"BreadcrumbList","@id":"https:\/\/www.netrotec.com\/terminos-condiciones-uso\/#breadcrumb","itemListElement":[{"@type":"ListItem","position":1,"name":"Home","item":"https:\/\/www.netrotec.com\/"},{"@type":"ListItem","position":2,"name":"T\u00e9rminos y condiciones de uso"}]},{"@type":"WebSite","@id":"https:\/\/www.netrotec.com\/#website","url":"https:\/\/www.netrotec.com\/","name":"Netrotec","description":"Servicios inform\u00e1ticos","publisher":{"@id":"https:\/\/www.netrotec.com\/#organization"},"potentialAction":[{"@type":"SearchAction","target":{"@type":"EntryPoint","urlTemplate":"https:\/\/www.netrotec.com\/?s={search_term_string}"},"query-input":{"@type":"PropertyValueSpecification","valueRequired":true,"valueName":"search_term_string"}}],"inLanguage":"es"},{"@type":"Organization","@id":"https:\/\/www.netrotec.com\/#organization","name":"Netrotec","url":"https:\/\/www.netrotec.com\/","logo":{"@type":"ImageObject","inLanguage":"es","@id":"https:\/\/www.netrotec.com\/#\/schema\/logo\/image\/","url":"https:\/\/www.netrotec.com\/wp-content\/uploads\/2025\/04\/cropped-logo-claro.png","contentUrl":"https:\/\/www.netrotec.com\/wp-content\/uploads\/2025\/04\/cropped-logo-claro.png","width":472,"height":118,"caption":"Netrotec"},"image":{"@id":"https:\/\/www.netrotec.com\/#\/schema\/logo\/image\/"}}]}},"_links":{"self":[{"href":"https:\/\/www.netrotec.com\/es\/wp-json\/wp\/v2\/pages\/12135","targetHints":{"allow":["GET"]}}],"collection":[{"href":"https:\/\/www.netrotec.com\/es\/wp-json\/wp\/v2\/pages"}],"about":[{"href":"https:\/\/www.netrotec.com\/es\/wp-json\/wp\/v2\/types\/page"}],"author":[{"embeddable":true,"href":"https:\/\/www.netrotec.com\/es\/wp-json\/wp\/v2\/users\/1"}],"replies":[{"embeddable":true,"href":"https:\/\/www.netrotec.com\/es\/wp-json\/wp\/v2\/comments?post=12135"}],"version-history":[{"count":16,"href":"https:\/\/www.netrotec.com\/es\/wp-json\/wp\/v2\/pages\/12135\/revisions"}],"predecessor-version":[{"id":12900,"href":"https:\/\/www.netrotec.com\/es\/wp-json\/wp\/v2\/pages\/12135\/revisions\/12900"}],"wp:attachment":[{"href":"https:\/\/www.netrotec.com\/es\/wp-json\/wp\/v2\/media?parent=12135"}],"curies":[{"name":"wp","href":"https:\/\/api.w.org\/{rel}","templated":true}]}}