{"id":12459,"date":"2025-04-19T16:26:34","date_gmt":"2025-04-19T14:26:34","guid":{"rendered":"https:\/\/www.netrotec.com\/?page_id=12459"},"modified":"2025-04-19T16:35:45","modified_gmt":"2025-04-19T14:35:45","slug":"alojamiento-web","status":"publish","type":"page","link":"https:\/\/www.netrotec.com\/es\/alojamiento-web\/","title":{"rendered":"Alojamiento Web"},"content":{"rendered":"\t\t<div data-elementor-type=\"wp-page\" data-elementor-id=\"12459\" class=\"elementor elementor-12459\">\n\t\t\t\t\t\t<section class=\"elementor-section elementor-top-section elementor-element elementor-element-036b392 elementor-section-full_width elementor-section-height-default elementor-section-height-default\" data-id=\"036b392\" data-element_type=\"section\" data-e-type=\"section\">\n\t\t\t\t\t\t<div class=\"elementor-container elementor-column-gap-default\">\n\t\t\t\t\t<div class=\"elementor-column elementor-col-100 elementor-top-column elementor-element elementor-element-e6e9d2f\" data-id=\"e6e9d2f\" data-element_type=\"column\" data-e-type=\"column\">\n\t\t\t<div class=\"elementor-widget-wrap elementor-element-populated\">\n\t\t\t\t\t\t<div class=\"elementor-element elementor-element-4fc8dbd elementor-widget elementor-widget-spacer\" data-id=\"4fc8dbd\" data-element_type=\"widget\" data-e-type=\"widget\" data-widget_type=\"spacer.default\">\n\t\t\t\t<div class=\"elementor-widget-container\">\n\t\t\t\t\t\t\t<div class=\"elementor-spacer\">\n\t\t\t<div class=\"elementor-spacer-inner\"><\/div>\n\t\t<\/div>\n\t\t\t\t\t\t<\/div>\n\t\t\t\t<\/div>\n\t\t\t\t<section class=\"elementor-section elementor-inner-section elementor-element elementor-element-f231eb7 elementor-section-boxed elementor-section-height-default elementor-section-height-default\" data-id=\"f231eb7\" data-element_type=\"section\" data-e-type=\"section\">\n\t\t\t\t\t\t<div class=\"elementor-container elementor-column-gap-default\">\n\t\t\t\t\t<div class=\"elementor-column elementor-col-50 elementor-inner-column elementor-element elementor-element-c504bb7\" data-id=\"c504bb7\" data-element_type=\"column\" data-e-type=\"column\">\n\t\t\t<div class=\"elementor-widget-wrap elementor-element-populated\">\n\t\t\t\t\t\t<div class=\"elementor-element elementor-element-35e214e elementor-widget elementor-widget-text-editor\" data-id=\"35e214e\" data-element_type=\"widget\" data-e-type=\"widget\" data-widget_type=\"text-editor.default\">\n\t\t\t\t<div class=\"elementor-widget-container\">\n\t\t\t\t\t\t\t\t\t<p>Hosting de alto rendimiento administrado<\/p>\t\t\t\t\t\t\t\t<\/div>\n\t\t\t\t<\/div>\n\t\t\t\t<div class=\"elementor-element elementor-element-4f7207a elementor-widget elementor-widget-text-editor\" data-id=\"4f7207a\" data-element_type=\"widget\" data-e-type=\"widget\" data-widget_type=\"text-editor.default\">\n\t\t\t\t<div class=\"elementor-widget-container\">\n\t\t\t\t\t\t\t\t\t<p>La importancia de contar con un sitio Web para dar presencia a su empresa en Internet es fundamental, hasta el extremo de considerar que una empresa sin presencia en Internet, es una empresa que no existe.<\/p><p>\u00a0<\/p><p>Hoy en d\u00eda cualquier cliente potencial utiliza Internet para encontrar productos y servicios. La Web ofrece informaci\u00f3n instant\u00e1nea y con gran precisi\u00f3n, gracias a diferentes servicios impl\u00edcitos que permiten segmentar resultados, geoposicionar tanto a clientes como empresas e incluso conocer los h\u00e1bitos de comportamiento, gustos y preferencias de los usuarios. En definitiva: Internet lo sabe absolutamente todo sobre nosotros. Contar con una Web para llegar a clientes potenciales es fundamental si queremos que nuestro negocio no se quede en fuera de juego.<\/p>\t\t\t\t\t\t\t\t<\/div>\n\t\t\t\t<\/div>\n\t\t\t\t\t<\/div>\n\t\t<\/div>\n\t\t\t\t<div class=\"elementor-column elementor-col-50 elementor-inner-column elementor-element elementor-element-c96c9cd\" data-id=\"c96c9cd\" data-element_type=\"column\" data-e-type=\"column\">\n\t\t\t<div class=\"elementor-widget-wrap elementor-element-populated\">\n\t\t\t\t\t\t<div class=\"elementor-element elementor-element-297f993 elementor-widget elementor-widget-image\" data-id=\"297f993\" data-element_type=\"widget\" data-e-type=\"widget\" data-widget_type=\"image.default\">\n\t\t\t\t<div class=\"elementor-widget-container\">\n\t\t\t\t\t\t\t\t\t\t\t\t\t\t\t<img fetchpriority=\"high\" decoding=\"async\" width=\"1024\" height=\"683\" src=\"https:\/\/www.netrotec.com\/wp-content\/uploads\/2025\/04\/webhosting-1024x683.jpg\" class=\"attachment-large size-large wp-image-12475\" alt=\"\" srcset=\"https:\/\/www.netrotec.com\/wp-content\/uploads\/2025\/04\/webhosting-1024x683.jpg 1024w, https:\/\/www.netrotec.com\/wp-content\/uploads\/2025\/04\/webhosting-300x200.jpg 300w, https:\/\/www.netrotec.com\/wp-content\/uploads\/2025\/04\/webhosting-768x512.jpg 768w, https:\/\/www.netrotec.com\/wp-content\/uploads\/2025\/04\/webhosting-1536x1024.jpg 1536w, https:\/\/www.netrotec.com\/wp-content\/uploads\/2025\/04\/webhosting-18x12.jpg 18w, https:\/\/www.netrotec.com\/wp-content\/uploads\/2025\/04\/webhosting-765x510.jpg 765w, https:\/\/www.netrotec.com\/wp-content\/uploads\/2025\/04\/webhosting-1170x780.jpg 1170w, https:\/\/www.netrotec.com\/wp-content\/uploads\/2025\/04\/webhosting.jpg 2048w\" sizes=\"(max-width: 1024px) 100vw, 1024px\" \/>\t\t\t\t\t\t\t\t\t\t\t\t\t\t\t<\/div>\n\t\t\t\t<\/div>\n\t\t\t\t\t<\/div>\n\t\t<\/div>\n\t\t\t\t\t<\/div>\n\t\t<\/section>\n\t\t\t\t<section class=\"elementor-section elementor-inner-section elementor-element elementor-element-c10cf74 elementor-section-boxed elementor-section-height-default elementor-section-height-default\" data-id=\"c10cf74\" data-element_type=\"section\" data-e-type=\"section\">\n\t\t\t\t\t\t<div class=\"elementor-container elementor-column-gap-default\">\n\t\t\t\t\t<div class=\"elementor-column elementor-col-100 elementor-inner-column elementor-element elementor-element-df95930\" data-id=\"df95930\" data-element_type=\"column\" data-e-type=\"column\">\n\t\t\t<div class=\"elementor-widget-wrap elementor-element-populated\">\n\t\t\t\t\t\t<div class=\"elementor-element elementor-element-11f0737 elementor-widget elementor-widget-spacer\" data-id=\"11f0737\" data-element_type=\"widget\" data-e-type=\"widget\" data-widget_type=\"spacer.default\">\n\t\t\t\t<div class=\"elementor-widget-container\">\n\t\t\t\t\t\t\t<div class=\"elementor-spacer\">\n\t\t\t<div class=\"elementor-spacer-inner\"><\/div>\n\t\t<\/div>\n\t\t\t\t\t\t<\/div>\n\t\t\t\t<\/div>\n\t\t\t\t<div class=\"elementor-element elementor-element-3754dd6 elementor-widget elementor-widget-text-editor\" data-id=\"3754dd6\" data-element_type=\"widget\" data-e-type=\"widget\" data-widget_type=\"text-editor.default\">\n\t\t\t\t<div class=\"elementor-widget-container\">\n\t\t\t\t\t\t\t\t\t<p>\u00bfPor qu\u00e9 confiar en Netrotec como su proveedor de hosting y correo electr\u00f3nico?<\/p>\t\t\t\t\t\t\t\t<\/div>\n\t\t\t\t<\/div>\n\t\t\t\t<div class=\"elementor-element elementor-element-ef010cb elementor-widget elementor-widget-text-editor\" data-id=\"ef010cb\" data-element_type=\"widget\" data-e-type=\"widget\" data-widget_type=\"text-editor.default\">\n\t\t\t\t<div class=\"elementor-widget-container\">\n\t\t\t\t\t\t\t\t\t<p>La infraestructura de hosting que proporcionamos en Netrotec ofrece un entorno distribuido de alto rendimiento con servidores alojados en Data Centers de toda Europa. Garantizamos un uptime del 99,9% e incluimos un servicio de ilimitadas cuentas de correo electr\u00f3nico de hasta 2GB cada una. A diferencia de otras proveedoras, Netrotec no computa el espacio del correo electr\u00f3nico como espacio consumido del hosting. Tambi\u00e9n disponemos de planes adicionales para correo electr\u00f3nico con hasta 50GB de espacio por cuenta e incluso soluciones para servicios de correo electr\u00f3nico con proveedoras de primer nivel como Microsoft o Google.<\/p>\t\t\t\t\t\t\t\t<\/div>\n\t\t\t\t<\/div>\n\t\t\t\t<div class=\"elementor-element elementor-element-32acf84 elementor-widget elementor-widget-text-editor\" data-id=\"32acf84\" data-element_type=\"widget\" data-e-type=\"widget\" data-widget_type=\"text-editor.default\">\n\t\t\t\t<div class=\"elementor-widget-container\">\n\t\t\t\t\t\t\t\t\t<p>Contratar un servidor de prestaciones inferiores puede traducirse en tiempos de carga m\u00e1s lentos, errores y, en definitiva, una peor experiencia de usuario que puede terminar por frustrar a nuestro cliente y hacer que prefiera consultar el mismo producto o servicio desde otro sitio Web.\u00a0 No s\u00f3lo eso, sino que los propios buscadores Web pueden penalizar el posicionamiento de nuestro sitio Web debido a esas latencias y malas experiencias en tiempo de carga, lo que podr\u00eda derivar en una p\u00e9rdida de dinero si estamos invirtiendo en SEO y otras t\u00e9cnicas de posicionamiento para nuestro sitio Web. con costes muy superiores a ese ahorro que, a priori, pueden aparentar esas alternativas.<\/p><p>\u00a0<\/p><p style=\"text-align: center;\"><strong>Netrotec le ofrece a su empresa un alojamiento Web excepcional, administrador y con unos criterios de calidad y seguridad sin competencia y a precios muy competitivos.<\/strong><\/p>\t\t\t\t\t\t\t\t<\/div>\n\t\t\t\t<\/div>\n\t\t\t\t<div class=\"elementor-element elementor-element-9a61c38 elementor-widget elementor-widget-text-editor\" data-id=\"9a61c38\" data-element_type=\"widget\" data-e-type=\"widget\" data-widget_type=\"text-editor.default\">\n\t\t\t\t<div class=\"elementor-widget-container\">\n\t\t\t\t\t\t\t\t\t<p>Deje que nosotros nos encarguemos de todo<\/p>\t\t\t\t\t\t\t\t<\/div>\n\t\t\t\t<\/div>\n\t\t\t\t<div class=\"elementor-element elementor-element-0dddad0 elementor-widget elementor-widget-text-editor\" data-id=\"0dddad0\" data-element_type=\"widget\" data-e-type=\"widget\" data-widget_type=\"text-editor.default\">\n\t\t\t\t<div class=\"elementor-widget-container\">\n\t\t\t\t\t\t\t\t\t<p>Trasladar sus dominios o migrar sus sitios Web y correos electr\u00f3nicos puede ser una tarea muy costosa en t\u00e9rminos de tiempo y dinero si no se hace correctamente.<\/p><p>\u00a0<\/p><p>Cont\u00e1ctenos sin compromiso para conocer nuestro servicio de hosting y correo electr\u00f3nico y le asesoraremos sobre c\u00f3mo llevar a cabo de la manera m\u00e1s optimizada todo el proceso, priorizando alcanzar el m\u00ednimo impacto, tanto en su productividad y organizaci\u00f3n interna, como en la experiencia de sus clientes.<\/p><p>\u00a0<\/p><p>Estamos tan seguros de la calidad de nuestro servicio que somos la \u00fanica proveedora de alojamiento Web que no cobramos penalizaciones de ning\u00fan tipo por cancelaci\u00f3n. Puede desactivar el servicio y reanudarlo cuando quiera sin costes adicionales.<\/p>\t\t\t\t\t\t\t\t<\/div>\n\t\t\t\t<\/div>\n\t\t\t\t<div class=\"elementor-element elementor-element-4dbfc1c elementor-align-center elementor-widget elementor-widget-button\" data-id=\"4dbfc1c\" data-element_type=\"widget\" data-e-type=\"widget\" data-widget_type=\"button.default\">\n\t\t\t\t<div class=\"elementor-widget-container\">\n\t\t\t\t\t\t\t\t\t<div class=\"elementor-button-wrapper\">\n\t\t\t\t\t<a class=\"elementor-button elementor-button-link elementor-size-sm\" href=\"\/contacto\/\">\n\t\t\t\t\t\t<span class=\"elementor-button-content-wrapper\">\n\t\t\t\t\t\t<span class=\"elementor-button-icon\">\n\t\t\t\t<i aria-hidden=\"true\" class=\"fas fa-comments\"><\/i>\t\t\t<\/span>\n\t\t\t\t\t\t\t\t\t<span class=\"elementor-button-text\">Cont\u00e1ctenos sin compromiso<\/span>\n\t\t\t\t\t<\/span>\n\t\t\t\t\t<\/a>\n\t\t\t\t<\/div>\n\t\t\t\t\t\t\t\t<\/div>\n\t\t\t\t<\/div>\n\t\t\t\t\t<\/div>\n\t\t<\/div>\n\t\t\t\t\t<\/div>\n\t\t<\/section>\n\t\t\t\t\t<\/div>\n\t\t<\/div>\n\t\t\t\t\t<\/div>\n\t\t<\/section>\n\t\t\t\t<\/div>\n\t\t","protected":false},"excerpt":{"rendered":"<p>Hosting de alto rendimiento administrado La importancia de contar con un sitio Web para dar presencia a su empresa en Internet es fundamental, hasta el extremo de considerar que una empresa sin presencia en Internet, es una empresa que no existe. \u00a0 Hoy en d\u00eda cualquier cliente potencial utiliza Internet<span class=\"more-dots\">&#8230;<\/span><\/p>\n","protected":false},"author":1,"featured_media":0,"parent":0,"menu_order":0,"comment_status":"closed","ping_status":"closed","template":"page-templates\/full-width.php","meta":{"footnotes":""},"class_list":["post-12459","page","type-page","status-publish","hentry"],"yoast_head":"<!-- This site is optimized with the Yoast SEO plugin v24.8.1 - https:\/\/yoast.com\/wordpress\/plugins\/seo\/ -->\n<title>Alojamiento Web y correo electr\u00f3nico | Netrotec<\/title>\n<meta name=\"description\" content=\"Somos proveedores de alojamiento web mantenido y correo electr\u00f3nico con un servicio de calidad y precios altamente competitivos.\" \/>\n<meta name=\"robots\" content=\"index, follow, max-snippet:-1, max-image-preview:large, max-video-preview:-1\" \/>\n<link rel=\"canonical\" href=\"https:\/\/www.netrotec.com\/es\/alojamiento-web\/\" \/>\n<meta property=\"og:locale\" content=\"es_ES\" \/>\n<meta property=\"og:type\" content=\"article\" \/>\n<meta property=\"og:title\" content=\"Alojamiento Web y correo electr\u00f3nico | Netrotec\" \/>\n<meta property=\"og:description\" content=\"Somos proveedores de alojamiento web mantenido y correo electr\u00f3nico con un servicio de calidad y precios altamente competitivos.\" \/>\n<meta property=\"og:url\" content=\"https:\/\/www.netrotec.com\/es\/alojamiento-web\/\" \/>\n<meta property=\"og:site_name\" content=\"Netrotec\" \/>\n<meta property=\"article:modified_time\" content=\"2025-04-19T14:35:45+00:00\" \/>\n<meta property=\"og:image\" content=\"https:\/\/www.netrotec.com\/wp-content\/uploads\/2025\/04\/webhosting.jpg\" \/>\n\t<meta property=\"og:image:width\" content=\"2048\" \/>\n\t<meta property=\"og:image:height\" content=\"1365\" \/>\n\t<meta property=\"og:image:type\" content=\"image\/jpeg\" \/>\n<meta name=\"twitter:card\" content=\"summary_large_image\" \/>\n<meta name=\"twitter:label1\" content=\"Tiempo de lectura\" \/>\n\t<meta name=\"twitter:data1\" content=\"3 minutos\" \/>\n<script type=\"application\/ld+json\" class=\"yoast-schema-graph\">{\"@context\":\"https:\/\/schema.org\",\"@graph\":[{\"@type\":\"WebPage\",\"@id\":\"https:\/\/www.netrotec.com\/alojamiento-web\/\",\"url\":\"https:\/\/www.netrotec.com\/alojamiento-web\/\",\"name\":\"Alojamiento Web y correo electr\u00f3nico | Netrotec\",\"isPartOf\":{\"@id\":\"https:\/\/www.netrotec.com\/#website\"},\"primaryImageOfPage\":{\"@id\":\"https:\/\/www.netrotec.com\/alojamiento-web\/#primaryimage\"},\"image\":{\"@id\":\"https:\/\/www.netrotec.com\/alojamiento-web\/#primaryimage\"},\"thumbnailUrl\":\"https:\/\/www.netrotec.com\/wp-content\/uploads\/2025\/04\/webhosting-1024x683.jpg\",\"datePublished\":\"2025-04-19T14:26:34+00:00\",\"dateModified\":\"2025-04-19T14:35:45+00:00\",\"description\":\"Somos proveedores de alojamiento web mantenido y correo electr\u00f3nico con un servicio de calidad y precios altamente competitivos.\",\"breadcrumb\":{\"@id\":\"https:\/\/www.netrotec.com\/alojamiento-web\/#breadcrumb\"},\"inLanguage\":\"es\",\"potentialAction\":[{\"@type\":\"ReadAction\",\"target\":[\"https:\/\/www.netrotec.com\/alojamiento-web\/\"]}]},{\"@type\":\"ImageObject\",\"inLanguage\":\"es\",\"@id\":\"https:\/\/www.netrotec.com\/alojamiento-web\/#primaryimage\",\"url\":\"https:\/\/www.netrotec.com\/wp-content\/uploads\/2025\/04\/webhosting-1024x683.jpg\",\"contentUrl\":\"https:\/\/www.netrotec.com\/wp-content\/uploads\/2025\/04\/webhosting-1024x683.jpg\"},{\"@type\":\"BreadcrumbList\",\"@id\":\"https:\/\/www.netrotec.com\/alojamiento-web\/#breadcrumb\",\"itemListElement\":[{\"@type\":\"ListItem\",\"position\":1,\"name\":\"Home\",\"item\":\"https:\/\/www.netrotec.com\/\"},{\"@type\":\"ListItem\",\"position\":2,\"name\":\"Alojamiento Web\"}]},{\"@type\":\"WebSite\",\"@id\":\"https:\/\/www.netrotec.com\/#website\",\"url\":\"https:\/\/www.netrotec.com\/\",\"name\":\"Netrotec\",\"description\":\"Servicios inform\u00e1ticos\",\"publisher\":{\"@id\":\"https:\/\/www.netrotec.com\/#organization\"},\"potentialAction\":[{\"@type\":\"SearchAction\",\"target\":{\"@type\":\"EntryPoint\",\"urlTemplate\":\"https:\/\/www.netrotec.com\/?s={search_term_string}\"},\"query-input\":{\"@type\":\"PropertyValueSpecification\",\"valueRequired\":true,\"valueName\":\"search_term_string\"}}],\"inLanguage\":\"es\"},{\"@type\":\"Organization\",\"@id\":\"https:\/\/www.netrotec.com\/#organization\",\"name\":\"Netrotec\",\"url\":\"https:\/\/www.netrotec.com\/\",\"logo\":{\"@type\":\"ImageObject\",\"inLanguage\":\"es\",\"@id\":\"https:\/\/www.netrotec.com\/#\/schema\/logo\/image\/\",\"url\":\"https:\/\/www.netrotec.com\/wp-content\/uploads\/2025\/04\/cropped-logo-claro.png\",\"contentUrl\":\"https:\/\/www.netrotec.com\/wp-content\/uploads\/2025\/04\/cropped-logo-claro.png\",\"width\":472,\"height\":118,\"caption\":\"Netrotec\"},\"image\":{\"@id\":\"https:\/\/www.netrotec.com\/#\/schema\/logo\/image\/\"}}]}<\/script>\n<!-- \/ Yoast SEO plugin. -->","yoast_head_json":{"title":"Alojamiento Web y correo electr\u00f3nico | Netrotec","description":"Somos proveedores de alojamiento web mantenido y correo electr\u00f3nico con un servicio de calidad y precios altamente competitivos.","robots":{"index":"index","follow":"follow","max-snippet":"max-snippet:-1","max-image-preview":"max-image-preview:large","max-video-preview":"max-video-preview:-1"},"canonical":"https:\/\/www.netrotec.com\/es\/alojamiento-web\/","og_locale":"es_ES","og_type":"article","og_title":"Alojamiento Web y correo electr\u00f3nico | Netrotec","og_description":"Somos proveedores de alojamiento web mantenido y correo electr\u00f3nico con un servicio de calidad y precios altamente competitivos.","og_url":"https:\/\/www.netrotec.com\/es\/alojamiento-web\/","og_site_name":"Netrotec","article_modified_time":"2025-04-19T14:35:45+00:00","og_image":[{"width":2048,"height":1365,"url":"https:\/\/www.netrotec.com\/wp-content\/uploads\/2025\/04\/webhosting.jpg","type":"image\/jpeg"}],"twitter_card":"summary_large_image","twitter_misc":{"Tiempo de lectura":"3 minutos"},"schema":{"@context":"https:\/\/schema.org","@graph":[{"@type":"WebPage","@id":"https:\/\/www.netrotec.com\/alojamiento-web\/","url":"https:\/\/www.netrotec.com\/alojamiento-web\/","name":"Alojamiento Web y correo electr\u00f3nico | Netrotec","isPartOf":{"@id":"https:\/\/www.netrotec.com\/#website"},"primaryImageOfPage":{"@id":"https:\/\/www.netrotec.com\/alojamiento-web\/#primaryimage"},"image":{"@id":"https:\/\/www.netrotec.com\/alojamiento-web\/#primaryimage"},"thumbnailUrl":"https:\/\/www.netrotec.com\/wp-content\/uploads\/2025\/04\/webhosting-1024x683.jpg","datePublished":"2025-04-19T14:26:34+00:00","dateModified":"2025-04-19T14:35:45+00:00","description":"Somos proveedores de alojamiento web mantenido y correo electr\u00f3nico con un servicio de calidad y precios altamente competitivos.","breadcrumb":{"@id":"https:\/\/www.netrotec.com\/alojamiento-web\/#breadcrumb"},"inLanguage":"es","potentialAction":[{"@type":"ReadAction","target":["https:\/\/www.netrotec.com\/alojamiento-web\/"]}]},{"@type":"ImageObject","inLanguage":"es","@id":"https:\/\/www.netrotec.com\/alojamiento-web\/#primaryimage","url":"https:\/\/www.netrotec.com\/wp-content\/uploads\/2025\/04\/webhosting-1024x683.jpg","contentUrl":"https:\/\/www.netrotec.com\/wp-content\/uploads\/2025\/04\/webhosting-1024x683.jpg"},{"@type":"BreadcrumbList","@id":"https:\/\/www.netrotec.com\/alojamiento-web\/#breadcrumb","itemListElement":[{"@type":"ListItem","position":1,"name":"Home","item":"https:\/\/www.netrotec.com\/"},{"@type":"ListItem","position":2,"name":"Alojamiento Web"}]},{"@type":"WebSite","@id":"https:\/\/www.netrotec.com\/#website","url":"https:\/\/www.netrotec.com\/","name":"Netrotec","description":"Servicios inform\u00e1ticos","publisher":{"@id":"https:\/\/www.netrotec.com\/#organization"},"potentialAction":[{"@type":"SearchAction","target":{"@type":"EntryPoint","urlTemplate":"https:\/\/www.netrotec.com\/?s={search_term_string}"},"query-input":{"@type":"PropertyValueSpecification","valueRequired":true,"valueName":"search_term_string"}}],"inLanguage":"es"},{"@type":"Organization","@id":"https:\/\/www.netrotec.com\/#organization","name":"Netrotec","url":"https:\/\/www.netrotec.com\/","logo":{"@type":"ImageObject","inLanguage":"es","@id":"https:\/\/www.netrotec.com\/#\/schema\/logo\/image\/","url":"https:\/\/www.netrotec.com\/wp-content\/uploads\/2025\/04\/cropped-logo-claro.png","contentUrl":"https:\/\/www.netrotec.com\/wp-content\/uploads\/2025\/04\/cropped-logo-claro.png","width":472,"height":118,"caption":"Netrotec"},"image":{"@id":"https:\/\/www.netrotec.com\/#\/schema\/logo\/image\/"}}]}},"_links":{"self":[{"href":"https:\/\/www.netrotec.com\/es\/wp-json\/wp\/v2\/pages\/12459","targetHints":{"allow":["GET"]}}],"collection":[{"href":"https:\/\/www.netrotec.com\/es\/wp-json\/wp\/v2\/pages"}],"about":[{"href":"https:\/\/www.netrotec.com\/es\/wp-json\/wp\/v2\/types\/page"}],"author":[{"embeddable":true,"href":"https:\/\/www.netrotec.com\/es\/wp-json\/wp\/v2\/users\/1"}],"replies":[{"embeddable":true,"href":"https:\/\/www.netrotec.com\/es\/wp-json\/wp\/v2\/comments?post=12459"}],"version-history":[{"count":16,"href":"https:\/\/www.netrotec.com\/es\/wp-json\/wp\/v2\/pages\/12459\/revisions"}],"predecessor-version":[{"id":12478,"href":"https:\/\/www.netrotec.com\/es\/wp-json\/wp\/v2\/pages\/12459\/revisions\/12478"}],"wp:attachment":[{"href":"https:\/\/www.netrotec.com\/es\/wp-json\/wp\/v2\/media?parent=12459"}],"curies":[{"name":"wp","href":"https:\/\/api.w.org\/{rel}","templated":true}]}}