{"id":12494,"date":"2025-04-19T16:50:47","date_gmt":"2025-04-19T14:50:47","guid":{"rendered":"https:\/\/www.netrotec.com\/?page_id=12494"},"modified":"2025-04-19T16:59:01","modified_gmt":"2025-04-19T14:59:01","slug":"peritaje-auditoria","status":"publish","type":"page","link":"https:\/\/www.netrotec.com\/es\/peritaje-auditoria\/","title":{"rendered":"Peritaje y auditor\u00eda"},"content":{"rendered":"\t\t<div data-elementor-type=\"wp-page\" data-elementor-id=\"12494\" class=\"elementor elementor-12494\">\n\t\t\t\t\t\t<section class=\"elementor-section elementor-top-section elementor-element elementor-element-036b392 elementor-section-full_width elementor-section-height-default elementor-section-height-default\" data-id=\"036b392\" data-element_type=\"section\" data-e-type=\"section\">\n\t\t\t\t\t\t<div class=\"elementor-container elementor-column-gap-default\">\n\t\t\t\t\t<div class=\"elementor-column elementor-col-100 elementor-top-column elementor-element elementor-element-e6e9d2f\" data-id=\"e6e9d2f\" data-element_type=\"column\" data-e-type=\"column\">\n\t\t\t<div class=\"elementor-widget-wrap elementor-element-populated\">\n\t\t\t\t\t\t<div class=\"elementor-element elementor-element-4fc8dbd elementor-widget elementor-widget-spacer\" data-id=\"4fc8dbd\" data-element_type=\"widget\" data-e-type=\"widget\" data-widget_type=\"spacer.default\">\n\t\t\t\t<div class=\"elementor-widget-container\">\n\t\t\t\t\t\t\t<div class=\"elementor-spacer\">\n\t\t\t<div class=\"elementor-spacer-inner\"><\/div>\n\t\t<\/div>\n\t\t\t\t\t\t<\/div>\n\t\t\t\t<\/div>\n\t\t\t\t<section class=\"elementor-section elementor-inner-section elementor-element elementor-element-f231eb7 elementor-section-boxed elementor-section-height-default elementor-section-height-default\" data-id=\"f231eb7\" data-element_type=\"section\" data-e-type=\"section\">\n\t\t\t\t\t\t<div class=\"elementor-container elementor-column-gap-default\">\n\t\t\t\t\t<div class=\"elementor-column elementor-col-50 elementor-inner-column elementor-element elementor-element-c504bb7\" data-id=\"c504bb7\" data-element_type=\"column\" data-e-type=\"column\">\n\t\t\t<div class=\"elementor-widget-wrap elementor-element-populated\">\n\t\t\t\t\t\t<div class=\"elementor-element elementor-element-35e214e elementor-widget elementor-widget-text-editor\" data-id=\"35e214e\" data-element_type=\"widget\" data-e-type=\"widget\" data-widget_type=\"text-editor.default\">\n\t\t\t\t<div class=\"elementor-widget-container\">\n\t\t\t\t\t\t\t\t\t<p>Auditor\u00eda y peritaje inform\u00e1tico \u00bfCu\u00e1ndo fue la \u00faltima vez que su empresa fue auditada?<\/p>\t\t\t\t\t\t\t\t<\/div>\n\t\t\t\t<\/div>\n\t\t\t\t<div class=\"elementor-element elementor-element-d0e846b elementor-widget elementor-widget-text-editor\" data-id=\"d0e846b\" data-element_type=\"widget\" data-e-type=\"widget\" data-widget_type=\"text-editor.default\">\n\t\t\t\t<div class=\"elementor-widget-container\">\n\t\t\t\t\t\t\t\t\t<p>La permanente exposici\u00f3n a Internet y sus amenazas o la propia naturaleza electr\u00f3nica de los dispositivos inform\u00e1ticos implican que a veces puedan ocurrir incidencias. Cada d\u00eda, miles de empresas son atacadas por los piratas inform\u00e1ticos, sufriendo importantes p\u00e9rdidas econ\u00f3micas.<\/p><p>\u00bfPuede garantizar la integridad de los datos de su empresa? Las roturas accidentales de los soportes de almacenamiento de informaci\u00f3n, tales como los discos duros, conllevan a menudo p\u00e9rdidas millonarias. Determinar riesgos e implementar mecanismos para prevenirlos o minimizar su impacto en caso de que ocurran es fundamental para consolidar nuestra empresa a largo plazo.<\/p><p>\u00a0<\/p><p>No es menos importante contar con un perito inform\u00e1tico titulado de cara a emitir un informe pericial con validez judicial en caso de que sea necesario una reclamaci\u00f3n legal, para determinar la naturaleza de un da\u00f1o y el grado de responsabilidad de cada una de las partes. Contar con un informe pericial firmado por un ingeniero inform\u00e1tico titulado es fundamental si queremos que su dictamen sea admitido ante un Tribunal.<\/p>\t\t\t\t\t\t\t\t<\/div>\n\t\t\t\t<\/div>\n\t\t\t\t\t<\/div>\n\t\t<\/div>\n\t\t\t\t<div class=\"elementor-column elementor-col-50 elementor-inner-column elementor-element elementor-element-c96c9cd\" data-id=\"c96c9cd\" data-element_type=\"column\" data-e-type=\"column\">\n\t\t\t<div class=\"elementor-widget-wrap elementor-element-populated\">\n\t\t\t\t\t\t<div class=\"elementor-element elementor-element-297f993 elementor-widget elementor-widget-image\" data-id=\"297f993\" data-element_type=\"widget\" data-e-type=\"widget\" data-widget_type=\"image.default\">\n\t\t\t\t<div class=\"elementor-widget-container\">\n\t\t\t\t\t\t\t\t\t\t\t\t\t\t\t<img fetchpriority=\"high\" decoding=\"async\" width=\"700\" height=\"405\" src=\"https:\/\/www.netrotec.com\/wp-content\/uploads\/2025\/04\/auditoria.jpg\" class=\"attachment-large size-large wp-image-12499\" alt=\"\" srcset=\"https:\/\/www.netrotec.com\/wp-content\/uploads\/2025\/04\/auditoria.jpg 700w, https:\/\/www.netrotec.com\/wp-content\/uploads\/2025\/04\/auditoria-300x174.jpg 300w, https:\/\/www.netrotec.com\/wp-content\/uploads\/2025\/04\/auditoria-18x10.jpg 18w\" sizes=\"(max-width: 700px) 100vw, 700px\" \/>\t\t\t\t\t\t\t\t\t\t\t\t\t\t\t<\/div>\n\t\t\t\t<\/div>\n\t\t\t\t<div class=\"elementor-element elementor-element-4f7207a elementor-widget elementor-widget-text-editor\" data-id=\"4f7207a\" data-element_type=\"widget\" data-e-type=\"widget\" data-widget_type=\"text-editor.default\">\n\t\t\t\t<div class=\"elementor-widget-container\">\n\t\t\t\t\t\t\t\t\t<p>En Netrotec contamos con ingenieros inform\u00e1ticos titulados especialistas en auditor\u00eda y calidad de sistemas inform\u00e1ticos que podr\u00e1n llevar a cabo la auditor\u00eda inform\u00e1tica de su negocio y emitir un informe con las conclusiones, e incluso podr\u00e1 asesorarle y acompa\u00f1arle en el proceso de implantaci\u00f3n de todas las recomendaciones o correcci\u00f3n de deficiencias detectadas. Tambi\u00e9n podr\u00e1n asistirle a la hora de obtener un informe pericial con validez ante las autoridades legales o ante una compa\u00f1\u00eda aseguradora.<\/p>\t\t\t\t\t\t\t\t<\/div>\n\t\t\t\t<\/div>\n\t\t\t\t\t<\/div>\n\t\t<\/div>\n\t\t\t\t\t<\/div>\n\t\t<\/section>\n\t\t\t\t<section class=\"elementor-section elementor-inner-section elementor-element elementor-element-c10cf74 elementor-section-boxed elementor-section-height-default elementor-section-height-default\" data-id=\"c10cf74\" data-element_type=\"section\" data-e-type=\"section\">\n\t\t\t\t\t\t<div class=\"elementor-container elementor-column-gap-default\">\n\t\t\t\t\t<div class=\"elementor-column elementor-col-100 elementor-inner-column elementor-element elementor-element-df95930\" data-id=\"df95930\" data-element_type=\"column\" data-e-type=\"column\">\n\t\t\t<div class=\"elementor-widget-wrap elementor-element-populated\">\n\t\t\t\t\t\t<div class=\"elementor-element elementor-element-11f0737 elementor-widget elementor-widget-spacer\" data-id=\"11f0737\" data-element_type=\"widget\" data-e-type=\"widget\" data-widget_type=\"spacer.default\">\n\t\t\t\t<div class=\"elementor-widget-container\">\n\t\t\t\t\t\t\t<div class=\"elementor-spacer\">\n\t\t\t<div class=\"elementor-spacer-inner\"><\/div>\n\t\t<\/div>\n\t\t\t\t\t\t<\/div>\n\t\t\t\t<\/div>\n\t\t\t\t<div class=\"elementor-element elementor-element-3754dd6 elementor-widget elementor-widget-text-editor\" data-id=\"3754dd6\" data-element_type=\"widget\" data-e-type=\"widget\" data-widget_type=\"text-editor.default\">\n\t\t\t\t<div class=\"elementor-widget-container\">\n\t\t\t\t\t\t\t\t\t<p>Peritaje y auditor\u00eda con Netrotec<\/p>\t\t\t\t\t\t\t\t<\/div>\n\t\t\t\t<\/div>\n\t\t\t\t<div class=\"elementor-element elementor-element-ef010cb elementor-widget elementor-widget-text-editor\" data-id=\"ef010cb\" data-element_type=\"widget\" data-e-type=\"widget\" data-widget_type=\"text-editor.default\">\n\t\t\t\t<div class=\"elementor-widget-container\">\n\t\t\t\t\t\t\t\t\t<p>Si requiere de los servicios de un ingeniero inform\u00e1tico, tanto para una auditor\u00eda a su ecosistema digital, como para obtener un documento pericial v\u00e1lido, puede contactarnos sin compromiso.<\/p><p>\u00a0<\/p><p>Somos una empresa profesional, seria y confiable. Analizaremos minuciosamente su caso y le asesoraremos mediante un procedimiento cercano, transmitiendo de forma transparente toda la informaci\u00f3n y salvaguardando su confidencialidad en todo momento.<\/p><p>\u00a0<\/p><p>Adem\u00e1s, no s\u00f3lo le ofreceremos los resultados obtenidos sino que le podremos asesorar y asistir para mejorar el nivel de seguridad de los datos de su empresa y su posible exposici\u00f3n a accesos de tercernos no autorizados.<\/p>\t\t\t\t\t\t\t\t<\/div>\n\t\t\t\t<\/div>\n\t\t\t\t<div class=\"elementor-element elementor-element-4dbfc1c elementor-align-center elementor-widget elementor-widget-button\" data-id=\"4dbfc1c\" data-element_type=\"widget\" data-e-type=\"widget\" data-widget_type=\"button.default\">\n\t\t\t\t<div class=\"elementor-widget-container\">\n\t\t\t\t\t\t\t\t\t<div class=\"elementor-button-wrapper\">\n\t\t\t\t\t<a class=\"elementor-button elementor-button-link elementor-size-sm\" href=\"\/contacto\/\">\n\t\t\t\t\t\t<span class=\"elementor-button-content-wrapper\">\n\t\t\t\t\t\t<span class=\"elementor-button-icon\">\n\t\t\t\t<i aria-hidden=\"true\" class=\"fas fa-comments\"><\/i>\t\t\t<\/span>\n\t\t\t\t\t\t\t\t\t<span class=\"elementor-button-text\">Cont\u00e1ctenos sin compromiso<\/span>\n\t\t\t\t\t<\/span>\n\t\t\t\t\t<\/a>\n\t\t\t\t<\/div>\n\t\t\t\t\t\t\t\t<\/div>\n\t\t\t\t<\/div>\n\t\t\t\t\t<\/div>\n\t\t<\/div>\n\t\t\t\t\t<\/div>\n\t\t<\/section>\n\t\t\t\t\t<\/div>\n\t\t<\/div>\n\t\t\t\t\t<\/div>\n\t\t<\/section>\n\t\t\t\t<\/div>\n\t\t","protected":false},"excerpt":{"rendered":"<p>Auditor\u00eda y peritaje inform\u00e1tico \u00bfCu\u00e1ndo fue la \u00faltima vez que su empresa fue auditada? La permanente exposici\u00f3n a Internet y sus amenazas o la propia naturaleza electr\u00f3nica de los dispositivos inform\u00e1ticos implican que a veces puedan ocurrir incidencias. Cada d\u00eda, miles de empresas son atacadas por los piratas inform\u00e1ticos, sufriendo<span class=\"more-dots\">&#8230;<\/span><\/p>\n","protected":false},"author":1,"featured_media":0,"parent":0,"menu_order":0,"comment_status":"closed","ping_status":"closed","template":"page-templates\/full-width.php","meta":{"footnotes":""},"class_list":["post-12494","page","type-page","status-publish","hentry"],"yoast_head":"<!-- This site is optimized with the Yoast SEO plugin v24.8.1 - https:\/\/yoast.com\/wordpress\/plugins\/seo\/ -->\n<title>Peritaje y auditor\u00eda inform\u00e1tica para profesionales | Netrotec<\/title>\n<meta name=\"description\" content=\"Servicios de auditor\u00eda y peritaje inform\u00e1tico realizados por ingenieros inform\u00e1ticos especialistas en auditor\u00eda y calidad de sistemas\" \/>\n<meta name=\"robots\" content=\"index, follow, max-snippet:-1, max-image-preview:large, max-video-preview:-1\" \/>\n<link rel=\"canonical\" href=\"https:\/\/www.netrotec.com\/es\/peritaje-auditoria\/\" \/>\n<meta property=\"og:locale\" content=\"es_ES\" \/>\n<meta property=\"og:type\" content=\"article\" \/>\n<meta property=\"og:title\" content=\"Peritaje y auditor\u00eda inform\u00e1tica para profesionales | Netrotec\" \/>\n<meta property=\"og:description\" content=\"Servicios de auditor\u00eda y peritaje inform\u00e1tico realizados por ingenieros inform\u00e1ticos especialistas en auditor\u00eda y calidad de sistemas\" \/>\n<meta property=\"og:url\" content=\"https:\/\/www.netrotec.com\/es\/peritaje-auditoria\/\" \/>\n<meta property=\"og:site_name\" content=\"Netrotec\" \/>\n<meta property=\"article:modified_time\" content=\"2025-04-19T14:59:01+00:00\" \/>\n<meta property=\"og:image\" content=\"https:\/\/www.netrotec.com\/wp-content\/uploads\/2025\/04\/auditoria.jpg\" \/>\n\t<meta property=\"og:image:width\" content=\"700\" \/>\n\t<meta property=\"og:image:height\" content=\"405\" \/>\n\t<meta property=\"og:image:type\" content=\"image\/jpeg\" \/>\n<meta name=\"twitter:card\" content=\"summary_large_image\" \/>\n<meta name=\"twitter:label1\" content=\"Tiempo de lectura\" \/>\n\t<meta name=\"twitter:data1\" content=\"2 minutos\" \/>\n<script type=\"application\/ld+json\" class=\"yoast-schema-graph\">{\"@context\":\"https:\/\/schema.org\",\"@graph\":[{\"@type\":\"WebPage\",\"@id\":\"https:\/\/www.netrotec.com\/peritaje-auditoria\/\",\"url\":\"https:\/\/www.netrotec.com\/peritaje-auditoria\/\",\"name\":\"Peritaje y auditor\u00eda inform\u00e1tica para profesionales | Netrotec\",\"isPartOf\":{\"@id\":\"https:\/\/www.netrotec.com\/#website\"},\"primaryImageOfPage\":{\"@id\":\"https:\/\/www.netrotec.com\/peritaje-auditoria\/#primaryimage\"},\"image\":{\"@id\":\"https:\/\/www.netrotec.com\/peritaje-auditoria\/#primaryimage\"},\"thumbnailUrl\":\"https:\/\/www.netrotec.com\/wp-content\/uploads\/2025\/04\/auditoria.jpg\",\"datePublished\":\"2025-04-19T14:50:47+00:00\",\"dateModified\":\"2025-04-19T14:59:01+00:00\",\"description\":\"Servicios de auditor\u00eda y peritaje inform\u00e1tico realizados por ingenieros inform\u00e1ticos especialistas en auditor\u00eda y calidad de sistemas\",\"breadcrumb\":{\"@id\":\"https:\/\/www.netrotec.com\/peritaje-auditoria\/#breadcrumb\"},\"inLanguage\":\"es\",\"potentialAction\":[{\"@type\":\"ReadAction\",\"target\":[\"https:\/\/www.netrotec.com\/peritaje-auditoria\/\"]}]},{\"@type\":\"ImageObject\",\"inLanguage\":\"es\",\"@id\":\"https:\/\/www.netrotec.com\/peritaje-auditoria\/#primaryimage\",\"url\":\"https:\/\/www.netrotec.com\/wp-content\/uploads\/2025\/04\/auditoria.jpg\",\"contentUrl\":\"https:\/\/www.netrotec.com\/wp-content\/uploads\/2025\/04\/auditoria.jpg\"},{\"@type\":\"BreadcrumbList\",\"@id\":\"https:\/\/www.netrotec.com\/peritaje-auditoria\/#breadcrumb\",\"itemListElement\":[{\"@type\":\"ListItem\",\"position\":1,\"name\":\"Home\",\"item\":\"https:\/\/www.netrotec.com\/\"},{\"@type\":\"ListItem\",\"position\":2,\"name\":\"Peritaje y auditor\u00eda\"}]},{\"@type\":\"WebSite\",\"@id\":\"https:\/\/www.netrotec.com\/#website\",\"url\":\"https:\/\/www.netrotec.com\/\",\"name\":\"Netrotec\",\"description\":\"Servicios inform\u00e1ticos\",\"publisher\":{\"@id\":\"https:\/\/www.netrotec.com\/#organization\"},\"potentialAction\":[{\"@type\":\"SearchAction\",\"target\":{\"@type\":\"EntryPoint\",\"urlTemplate\":\"https:\/\/www.netrotec.com\/?s={search_term_string}\"},\"query-input\":{\"@type\":\"PropertyValueSpecification\",\"valueRequired\":true,\"valueName\":\"search_term_string\"}}],\"inLanguage\":\"es\"},{\"@type\":\"Organization\",\"@id\":\"https:\/\/www.netrotec.com\/#organization\",\"name\":\"Netrotec\",\"url\":\"https:\/\/www.netrotec.com\/\",\"logo\":{\"@type\":\"ImageObject\",\"inLanguage\":\"es\",\"@id\":\"https:\/\/www.netrotec.com\/#\/schema\/logo\/image\/\",\"url\":\"https:\/\/www.netrotec.com\/wp-content\/uploads\/2025\/04\/cropped-logo-claro.png\",\"contentUrl\":\"https:\/\/www.netrotec.com\/wp-content\/uploads\/2025\/04\/cropped-logo-claro.png\",\"width\":472,\"height\":118,\"caption\":\"Netrotec\"},\"image\":{\"@id\":\"https:\/\/www.netrotec.com\/#\/schema\/logo\/image\/\"}}]}<\/script>\n<!-- \/ Yoast SEO plugin. -->","yoast_head_json":{"title":"Peritaje y auditor\u00eda inform\u00e1tica para profesionales | Netrotec","description":"Servicios de auditor\u00eda y peritaje inform\u00e1tico realizados por ingenieros inform\u00e1ticos especialistas en auditor\u00eda y calidad de sistemas","robots":{"index":"index","follow":"follow","max-snippet":"max-snippet:-1","max-image-preview":"max-image-preview:large","max-video-preview":"max-video-preview:-1"},"canonical":"https:\/\/www.netrotec.com\/es\/peritaje-auditoria\/","og_locale":"es_ES","og_type":"article","og_title":"Peritaje y auditor\u00eda inform\u00e1tica para profesionales | Netrotec","og_description":"Servicios de auditor\u00eda y peritaje inform\u00e1tico realizados por ingenieros inform\u00e1ticos especialistas en auditor\u00eda y calidad de sistemas","og_url":"https:\/\/www.netrotec.com\/es\/peritaje-auditoria\/","og_site_name":"Netrotec","article_modified_time":"2025-04-19T14:59:01+00:00","og_image":[{"width":700,"height":405,"url":"https:\/\/www.netrotec.com\/wp-content\/uploads\/2025\/04\/auditoria.jpg","type":"image\/jpeg"}],"twitter_card":"summary_large_image","twitter_misc":{"Tiempo de lectura":"2 minutos"},"schema":{"@context":"https:\/\/schema.org","@graph":[{"@type":"WebPage","@id":"https:\/\/www.netrotec.com\/peritaje-auditoria\/","url":"https:\/\/www.netrotec.com\/peritaje-auditoria\/","name":"Peritaje y auditor\u00eda inform\u00e1tica para profesionales | Netrotec","isPartOf":{"@id":"https:\/\/www.netrotec.com\/#website"},"primaryImageOfPage":{"@id":"https:\/\/www.netrotec.com\/peritaje-auditoria\/#primaryimage"},"image":{"@id":"https:\/\/www.netrotec.com\/peritaje-auditoria\/#primaryimage"},"thumbnailUrl":"https:\/\/www.netrotec.com\/wp-content\/uploads\/2025\/04\/auditoria.jpg","datePublished":"2025-04-19T14:50:47+00:00","dateModified":"2025-04-19T14:59:01+00:00","description":"Servicios de auditor\u00eda y peritaje inform\u00e1tico realizados por ingenieros inform\u00e1ticos especialistas en auditor\u00eda y calidad de sistemas","breadcrumb":{"@id":"https:\/\/www.netrotec.com\/peritaje-auditoria\/#breadcrumb"},"inLanguage":"es","potentialAction":[{"@type":"ReadAction","target":["https:\/\/www.netrotec.com\/peritaje-auditoria\/"]}]},{"@type":"ImageObject","inLanguage":"es","@id":"https:\/\/www.netrotec.com\/peritaje-auditoria\/#primaryimage","url":"https:\/\/www.netrotec.com\/wp-content\/uploads\/2025\/04\/auditoria.jpg","contentUrl":"https:\/\/www.netrotec.com\/wp-content\/uploads\/2025\/04\/auditoria.jpg"},{"@type":"BreadcrumbList","@id":"https:\/\/www.netrotec.com\/peritaje-auditoria\/#breadcrumb","itemListElement":[{"@type":"ListItem","position":1,"name":"Home","item":"https:\/\/www.netrotec.com\/"},{"@type":"ListItem","position":2,"name":"Peritaje y auditor\u00eda"}]},{"@type":"WebSite","@id":"https:\/\/www.netrotec.com\/#website","url":"https:\/\/www.netrotec.com\/","name":"Netrotec","description":"Servicios inform\u00e1ticos","publisher":{"@id":"https:\/\/www.netrotec.com\/#organization"},"potentialAction":[{"@type":"SearchAction","target":{"@type":"EntryPoint","urlTemplate":"https:\/\/www.netrotec.com\/?s={search_term_string}"},"query-input":{"@type":"PropertyValueSpecification","valueRequired":true,"valueName":"search_term_string"}}],"inLanguage":"es"},{"@type":"Organization","@id":"https:\/\/www.netrotec.com\/#organization","name":"Netrotec","url":"https:\/\/www.netrotec.com\/","logo":{"@type":"ImageObject","inLanguage":"es","@id":"https:\/\/www.netrotec.com\/#\/schema\/logo\/image\/","url":"https:\/\/www.netrotec.com\/wp-content\/uploads\/2025\/04\/cropped-logo-claro.png","contentUrl":"https:\/\/www.netrotec.com\/wp-content\/uploads\/2025\/04\/cropped-logo-claro.png","width":472,"height":118,"caption":"Netrotec"},"image":{"@id":"https:\/\/www.netrotec.com\/#\/schema\/logo\/image\/"}}]}},"_links":{"self":[{"href":"https:\/\/www.netrotec.com\/es\/wp-json\/wp\/v2\/pages\/12494","targetHints":{"allow":["GET"]}}],"collection":[{"href":"https:\/\/www.netrotec.com\/es\/wp-json\/wp\/v2\/pages"}],"about":[{"href":"https:\/\/www.netrotec.com\/es\/wp-json\/wp\/v2\/types\/page"}],"author":[{"embeddable":true,"href":"https:\/\/www.netrotec.com\/es\/wp-json\/wp\/v2\/users\/1"}],"replies":[{"embeddable":true,"href":"https:\/\/www.netrotec.com\/es\/wp-json\/wp\/v2\/comments?post=12494"}],"version-history":[{"count":13,"href":"https:\/\/www.netrotec.com\/es\/wp-json\/wp\/v2\/pages\/12494\/revisions"}],"predecessor-version":[{"id":12508,"href":"https:\/\/www.netrotec.com\/es\/wp-json\/wp\/v2\/pages\/12494\/revisions\/12508"}],"wp:attachment":[{"href":"https:\/\/www.netrotec.com\/es\/wp-json\/wp\/v2\/media?parent=12494"}],"curies":[{"name":"wp","href":"https:\/\/api.w.org\/{rel}","templated":true}]}}