{"id":2266,"date":"2023-02-27T01:17:56","date_gmt":"2023-02-27T01:17:56","guid":{"rendered":"https:\/\/www.netrotec.com\/?page_id=2266"},"modified":"2025-04-19T15:42:35","modified_gmt":"2025-04-19T13:42:35","slug":"desarrollo-web","status":"publish","type":"page","link":"https:\/\/www.netrotec.com\/es\/desarrollo-web\/","title":{"rendered":"Desarrollo Web"},"content":{"rendered":"\t\t<div data-elementor-type=\"wp-page\" data-elementor-id=\"2266\" class=\"elementor elementor-2266\">\n\t\t\t\t\t\t<section class=\"elementor-section elementor-top-section elementor-element elementor-element-036b392 elementor-section-full_width elementor-section-height-default elementor-section-height-default\" data-id=\"036b392\" data-element_type=\"section\" data-e-type=\"section\">\n\t\t\t\t\t\t<div class=\"elementor-container elementor-column-gap-default\">\n\t\t\t\t\t<div class=\"elementor-column elementor-col-100 elementor-top-column elementor-element elementor-element-e6e9d2f\" data-id=\"e6e9d2f\" data-element_type=\"column\" data-e-type=\"column\">\n\t\t\t<div class=\"elementor-widget-wrap elementor-element-populated\">\n\t\t\t\t\t\t<div class=\"elementor-element elementor-element-4fc8dbd elementor-widget elementor-widget-spacer\" data-id=\"4fc8dbd\" data-element_type=\"widget\" data-e-type=\"widget\" data-widget_type=\"spacer.default\">\n\t\t\t\t<div class=\"elementor-widget-container\">\n\t\t\t\t\t\t\t<div class=\"elementor-spacer\">\n\t\t\t<div class=\"elementor-spacer-inner\"><\/div>\n\t\t<\/div>\n\t\t\t\t\t\t<\/div>\n\t\t\t\t<\/div>\n\t\t\t\t<section class=\"elementor-section elementor-inner-section elementor-element elementor-element-f231eb7 elementor-section-boxed elementor-section-height-default elementor-section-height-default\" data-id=\"f231eb7\" data-element_type=\"section\" data-e-type=\"section\">\n\t\t\t\t\t\t<div class=\"elementor-container elementor-column-gap-default\">\n\t\t\t\t\t<div class=\"elementor-column elementor-col-50 elementor-inner-column elementor-element elementor-element-c504bb7\" data-id=\"c504bb7\" data-element_type=\"column\" data-e-type=\"column\">\n\t\t\t<div class=\"elementor-widget-wrap elementor-element-populated\">\n\t\t\t\t\t\t<div class=\"elementor-element elementor-element-35e214e elementor-widget elementor-widget-text-editor\" data-id=\"35e214e\" data-element_type=\"widget\" data-e-type=\"widget\" data-widget_type=\"text-editor.default\">\n\t\t\t\t<div class=\"elementor-widget-container\">\n\t\t\t\t\t\t\t\t\t<p>Saque todo el potencial a su sitio Web<\/p>\t\t\t\t\t\t\t\t<\/div>\n\t\t\t\t<\/div>\n\t\t\t\t<div class=\"elementor-element elementor-element-4f7207a elementor-widget elementor-widget-text-editor\" data-id=\"4f7207a\" data-element_type=\"widget\" data-e-type=\"widget\" data-widget_type=\"text-editor.default\">\n\t\t\t\t<div class=\"elementor-widget-container\">\n\t\t\t\t\t\t\t\t\t<p>En Netrotec no s\u00f3lo nos encargamos del desarrollo web, le ayudamos a que alcance sus objetivos con su presencia en Internet. Desde el primer momento analizaremos las particularidades de su proyecto y le ayudaremos con la imagen que quiere que su sitio web proyecte a sus clientes.\u00a0<\/p><p>\u00a0<\/p><p>Tras el despliegue de su sitio web continuamos trabajando con su empresa con diversos servicios tales como soporte, mantenimiento, copias de seguridad e incluso herramientas para mejorar el posicionamiento y la visibilidad de su marca y su sitio web.<\/p><p>\u00a0<\/p><p>Nuestra filosof\u00eda es acompa\u00f1ar a nuestros clientes asesor\u00e1ndoles y ofreci\u00e9ndoles un servicio cercano y profesional en lo relativo a la presencia de su empresa en Internet. Realizamos tambi\u00e9n la construcci\u00f3n de sitios Web completamente a medida con c\u00f3digo 100% propio si la naturaleza del proyecto as\u00ed lo requiere.\u00a0<\/p>\t\t\t\t\t\t\t\t<\/div>\n\t\t\t\t<\/div>\n\t\t\t\t\t<\/div>\n\t\t<\/div>\n\t\t\t\t<div class=\"elementor-column elementor-col-50 elementor-inner-column elementor-element elementor-element-c96c9cd\" data-id=\"c96c9cd\" data-element_type=\"column\" data-e-type=\"column\">\n\t\t\t<div class=\"elementor-widget-wrap elementor-element-populated\">\n\t\t\t\t\t\t<div class=\"elementor-element elementor-element-297f993 elementor-widget elementor-widget-image\" data-id=\"297f993\" data-element_type=\"widget\" data-e-type=\"widget\" data-widget_type=\"image.default\">\n\t\t\t\t<div class=\"elementor-widget-container\">\n\t\t\t\t\t\t\t\t\t\t\t\t\t\t\t<img fetchpriority=\"high\" decoding=\"async\" width=\"1024\" height=\"576\" src=\"https:\/\/www.netrotec.com\/wp-content\/uploads\/2025\/04\/desarrollo-web-1024x576.jpeg\" class=\"attachment-large size-large wp-image-12399\" alt=\"\" srcset=\"https:\/\/www.netrotec.com\/wp-content\/uploads\/2025\/04\/desarrollo-web-1024x576.jpeg 1024w, https:\/\/www.netrotec.com\/wp-content\/uploads\/2025\/04\/desarrollo-web-300x169.jpeg 300w, https:\/\/www.netrotec.com\/wp-content\/uploads\/2025\/04\/desarrollo-web-768x432.jpeg 768w, https:\/\/www.netrotec.com\/wp-content\/uploads\/2025\/04\/desarrollo-web-1536x864.jpeg 1536w, https:\/\/www.netrotec.com\/wp-content\/uploads\/2025\/04\/desarrollo-web-18x10.jpeg 18w, https:\/\/www.netrotec.com\/wp-content\/uploads\/2025\/04\/desarrollo-web.jpeg 1600w\" sizes=\"(max-width: 1024px) 100vw, 1024px\" \/>\t\t\t\t\t\t\t\t\t\t\t\t\t\t\t<\/div>\n\t\t\t\t<\/div>\n\t\t\t\t\t<\/div>\n\t\t<\/div>\n\t\t\t\t\t<\/div>\n\t\t<\/section>\n\t\t\t\t<section class=\"elementor-section elementor-inner-section elementor-element elementor-element-c10cf74 elementor-section-boxed elementor-section-height-default elementor-section-height-default\" data-id=\"c10cf74\" data-element_type=\"section\" data-e-type=\"section\">\n\t\t\t\t\t\t<div class=\"elementor-container elementor-column-gap-default\">\n\t\t\t\t\t<div class=\"elementor-column elementor-col-100 elementor-inner-column elementor-element elementor-element-df95930\" data-id=\"df95930\" data-element_type=\"column\" data-e-type=\"column\">\n\t\t\t<div class=\"elementor-widget-wrap elementor-element-populated\">\n\t\t\t\t\t\t<div class=\"elementor-element elementor-element-11f0737 elementor-widget elementor-widget-spacer\" data-id=\"11f0737\" data-element_type=\"widget\" data-e-type=\"widget\" data-widget_type=\"spacer.default\">\n\t\t\t\t<div class=\"elementor-widget-container\">\n\t\t\t\t\t\t\t<div class=\"elementor-spacer\">\n\t\t\t<div class=\"elementor-spacer-inner\"><\/div>\n\t\t<\/div>\n\t\t\t\t\t\t<\/div>\n\t\t\t\t<\/div>\n\t\t\t\t<div class=\"elementor-element elementor-element-9a61c38 elementor-widget elementor-widget-text-editor\" data-id=\"9a61c38\" data-element_type=\"widget\" data-e-type=\"widget\" data-widget_type=\"text-editor.default\">\n\t\t\t\t<div class=\"elementor-widget-container\">\n\t\t\t\t\t\t\t\t\t<p>Sitios Web profesionales a precios altamente competitivos<\/p>\t\t\t\t\t\t\t\t<\/div>\n\t\t\t\t<\/div>\n\t\t\t\t<div class=\"elementor-element elementor-element-0dddad0 elementor-widget elementor-widget-text-editor\" data-id=\"0dddad0\" data-element_type=\"widget\" data-e-type=\"widget\" data-widget_type=\"text-editor.default\">\n\t\t\t\t<div class=\"elementor-widget-container\">\n\t\t\t\t\t\t\t\t\t<p>Gracias a la tecnolog\u00eda de los sistemas de gesti\u00f3n de contenidos (CMS) su negocio puede contar con un sitio web completamente funcional, profesional y atractivo en poco tiempo y con una inversi\u00f3n m\u00e1s reducida que los sitios web programados a medida.<\/p><p>\u00a0<\/p><p>Tenemos una amplia experiencia en desarrollo web a medida con los principales CMS del mercado, tales como WordPress. Uno de los CMS m\u00e1s populares, extendidos y utilizados por millones de sitios web en el mundo, algunos de ellos de compa\u00f1\u00edas de primer nivel como Microsoft\u00ae, Adobe\u00ae, La cadena CNN, Danone\u00ae o incluso el fabricante de autom\u00f3viles premium Mercedes-Benz\u00ae.<\/p><p>\u00a0<\/p><p>Tambi\u00e9n realizamos modificaciones y refactorizaciones a medida para complementar su sitio web. Descubra c\u00f3mo su negocio puede contar con presencia en Internet de una forma profesional, atractiva y adaptada a todo tipo de dispositivos digitales por mucho menos de lo que imagina.\u00a0<\/p>\t\t\t\t\t\t\t\t<\/div>\n\t\t\t\t<\/div>\n\t\t\t\t<div class=\"elementor-element elementor-element-4dbfc1c elementor-align-center elementor-widget elementor-widget-button\" data-id=\"4dbfc1c\" data-element_type=\"widget\" data-e-type=\"widget\" data-widget_type=\"button.default\">\n\t\t\t\t<div class=\"elementor-widget-container\">\n\t\t\t\t\t\t\t\t\t<div class=\"elementor-button-wrapper\">\n\t\t\t\t\t<a class=\"elementor-button elementor-button-link elementor-size-sm\" href=\"\/contacto\/\">\n\t\t\t\t\t\t<span class=\"elementor-button-content-wrapper\">\n\t\t\t\t\t\t<span class=\"elementor-button-icon\">\n\t\t\t\t<i aria-hidden=\"true\" class=\"fas fa-comments\"><\/i>\t\t\t<\/span>\n\t\t\t\t\t\t\t\t\t<span class=\"elementor-button-text\">Cont\u00e1ctenos sin compromiso<\/span>\n\t\t\t\t\t<\/span>\n\t\t\t\t\t<\/a>\n\t\t\t\t<\/div>\n\t\t\t\t\t\t\t\t<\/div>\n\t\t\t\t<\/div>\n\t\t\t\t\t<\/div>\n\t\t<\/div>\n\t\t\t\t\t<\/div>\n\t\t<\/section>\n\t\t\t\t\t<\/div>\n\t\t<\/div>\n\t\t\t\t\t<\/div>\n\t\t<\/section>\n\t\t\t\t<\/div>\n\t\t","protected":false},"excerpt":{"rendered":"<p>Saque todo el potencial a su sitio Web En Netrotec no s\u00f3lo nos encargamos del desarrollo web, le ayudamos a que alcance sus objetivos con su presencia en Internet. Desde el primer momento analizaremos las particularidades de su proyecto y le ayudaremos con la imagen que quiere que su sitio<span class=\"more-dots\">&#8230;<\/span><\/p>\n","protected":false},"author":1,"featured_media":0,"parent":0,"menu_order":0,"comment_status":"closed","ping_status":"closed","template":"page-templates\/full-width.php","meta":{"footnotes":""},"class_list":["post-2266","page","type-page","status-publish","hentry"],"yoast_head":"<!-- This site is optimized with the Yoast SEO plugin v24.8.1 - https:\/\/yoast.com\/wordpress\/plugins\/seo\/ -->\n<title>Desarrollo Web | Consigue tu p\u00e1gina web con Netrotec<\/title>\n<meta name=\"description\" content=\"Presencia en la red para tu empresa con tu p\u00e1gina Web. Netrotec somos especialistas en desarrollo web con precios muy competitivos\" \/>\n<meta name=\"robots\" content=\"index, follow, max-snippet:-1, max-image-preview:large, max-video-preview:-1\" \/>\n<link rel=\"canonical\" href=\"https:\/\/www.netrotec.com\/es\/desarrollo-web\/\" \/>\n<meta property=\"og:locale\" content=\"es_ES\" \/>\n<meta property=\"og:type\" content=\"article\" \/>\n<meta property=\"og:title\" content=\"Desarrollo Web | Consigue tu p\u00e1gina web con Netrotec\" \/>\n<meta property=\"og:description\" content=\"Presencia en la red para tu empresa con tu p\u00e1gina Web. Netrotec somos especialistas en desarrollo web con precios muy competitivos\" \/>\n<meta property=\"og:url\" content=\"https:\/\/www.netrotec.com\/es\/desarrollo-web\/\" \/>\n<meta property=\"og:site_name\" content=\"Netrotec\" \/>\n<meta property=\"article:modified_time\" content=\"2025-04-19T13:42:35+00:00\" \/>\n<meta property=\"og:image\" content=\"https:\/\/www.netrotec.com\/wp-content\/uploads\/2025\/04\/desarrollo-web.jpeg\" \/>\n\t<meta property=\"og:image:width\" content=\"1600\" \/>\n\t<meta property=\"og:image:height\" content=\"900\" \/>\n\t<meta property=\"og:image:type\" content=\"image\/jpeg\" \/>\n<meta name=\"twitter:card\" content=\"summary_large_image\" \/>\n<meta name=\"twitter:label1\" content=\"Tiempo de lectura\" \/>\n\t<meta name=\"twitter:data1\" content=\"2 minutos\" \/>\n<script type=\"application\/ld+json\" class=\"yoast-schema-graph\">{\"@context\":\"https:\/\/schema.org\",\"@graph\":[{\"@type\":\"WebPage\",\"@id\":\"https:\/\/www.netrotec.com\/es\/desarrollo-web\/\",\"url\":\"https:\/\/www.netrotec.com\/es\/desarrollo-web\/\",\"name\":\"Desarrollo Web | Consigue tu p\u00e1gina web con Netrotec\",\"isPartOf\":{\"@id\":\"https:\/\/www.netrotec.com\/#website\"},\"primaryImageOfPage\":{\"@id\":\"https:\/\/www.netrotec.com\/es\/desarrollo-web\/#primaryimage\"},\"image\":{\"@id\":\"https:\/\/www.netrotec.com\/es\/desarrollo-web\/#primaryimage\"},\"thumbnailUrl\":\"https:\/\/www.netrotec.com\/wp-content\/uploads\/2025\/04\/desarrollo-web-1024x576.jpeg\",\"datePublished\":\"2023-02-27T01:17:56+00:00\",\"dateModified\":\"2025-04-19T13:42:35+00:00\",\"description\":\"Presencia en la red para tu empresa con tu p\u00e1gina Web. Netrotec somos especialistas en desarrollo web con precios muy competitivos\",\"breadcrumb\":{\"@id\":\"https:\/\/www.netrotec.com\/es\/desarrollo-web\/#breadcrumb\"},\"inLanguage\":\"es\",\"potentialAction\":[{\"@type\":\"ReadAction\",\"target\":[\"https:\/\/www.netrotec.com\/es\/desarrollo-web\/\"]}]},{\"@type\":\"ImageObject\",\"inLanguage\":\"es\",\"@id\":\"https:\/\/www.netrotec.com\/es\/desarrollo-web\/#primaryimage\",\"url\":\"https:\/\/www.netrotec.com\/wp-content\/uploads\/2025\/04\/desarrollo-web-1024x576.jpeg\",\"contentUrl\":\"https:\/\/www.netrotec.com\/wp-content\/uploads\/2025\/04\/desarrollo-web-1024x576.jpeg\"},{\"@type\":\"BreadcrumbList\",\"@id\":\"https:\/\/www.netrotec.com\/es\/desarrollo-web\/#breadcrumb\",\"itemListElement\":[{\"@type\":\"ListItem\",\"position\":1,\"name\":\"Home\",\"item\":\"https:\/\/www.netrotec.com\/\"},{\"@type\":\"ListItem\",\"position\":2,\"name\":\"Desarrollo Web\"}]},{\"@type\":\"WebSite\",\"@id\":\"https:\/\/www.netrotec.com\/#website\",\"url\":\"https:\/\/www.netrotec.com\/\",\"name\":\"Netrotec\",\"description\":\"Servicios inform\u00e1ticos\",\"publisher\":{\"@id\":\"https:\/\/www.netrotec.com\/#organization\"},\"potentialAction\":[{\"@type\":\"SearchAction\",\"target\":{\"@type\":\"EntryPoint\",\"urlTemplate\":\"https:\/\/www.netrotec.com\/?s={search_term_string}\"},\"query-input\":{\"@type\":\"PropertyValueSpecification\",\"valueRequired\":true,\"valueName\":\"search_term_string\"}}],\"inLanguage\":\"es\"},{\"@type\":\"Organization\",\"@id\":\"https:\/\/www.netrotec.com\/#organization\",\"name\":\"Netrotec\",\"url\":\"https:\/\/www.netrotec.com\/\",\"logo\":{\"@type\":\"ImageObject\",\"inLanguage\":\"es\",\"@id\":\"https:\/\/www.netrotec.com\/#\/schema\/logo\/image\/\",\"url\":\"https:\/\/www.netrotec.com\/wp-content\/uploads\/2025\/04\/cropped-logo-claro.png\",\"contentUrl\":\"https:\/\/www.netrotec.com\/wp-content\/uploads\/2025\/04\/cropped-logo-claro.png\",\"width\":472,\"height\":118,\"caption\":\"Netrotec\"},\"image\":{\"@id\":\"https:\/\/www.netrotec.com\/#\/schema\/logo\/image\/\"}}]}<\/script>\n<!-- \/ Yoast SEO plugin. -->","yoast_head_json":{"title":"Desarrollo Web | Consigue tu p\u00e1gina web con Netrotec","description":"Presencia en la red para tu empresa con tu p\u00e1gina Web. Netrotec somos especialistas en desarrollo web con precios muy competitivos","robots":{"index":"index","follow":"follow","max-snippet":"max-snippet:-1","max-image-preview":"max-image-preview:large","max-video-preview":"max-video-preview:-1"},"canonical":"https:\/\/www.netrotec.com\/es\/desarrollo-web\/","og_locale":"es_ES","og_type":"article","og_title":"Desarrollo Web | Consigue tu p\u00e1gina web con Netrotec","og_description":"Presencia en la red para tu empresa con tu p\u00e1gina Web. Netrotec somos especialistas en desarrollo web con precios muy competitivos","og_url":"https:\/\/www.netrotec.com\/es\/desarrollo-web\/","og_site_name":"Netrotec","article_modified_time":"2025-04-19T13:42:35+00:00","og_image":[{"width":1600,"height":900,"url":"https:\/\/www.netrotec.com\/wp-content\/uploads\/2025\/04\/desarrollo-web.jpeg","type":"image\/jpeg"}],"twitter_card":"summary_large_image","twitter_misc":{"Tiempo de lectura":"2 minutos"},"schema":{"@context":"https:\/\/schema.org","@graph":[{"@type":"WebPage","@id":"https:\/\/www.netrotec.com\/es\/desarrollo-web\/","url":"https:\/\/www.netrotec.com\/es\/desarrollo-web\/","name":"Desarrollo Web | Consigue tu p\u00e1gina web con Netrotec","isPartOf":{"@id":"https:\/\/www.netrotec.com\/#website"},"primaryImageOfPage":{"@id":"https:\/\/www.netrotec.com\/es\/desarrollo-web\/#primaryimage"},"image":{"@id":"https:\/\/www.netrotec.com\/es\/desarrollo-web\/#primaryimage"},"thumbnailUrl":"https:\/\/www.netrotec.com\/wp-content\/uploads\/2025\/04\/desarrollo-web-1024x576.jpeg","datePublished":"2023-02-27T01:17:56+00:00","dateModified":"2025-04-19T13:42:35+00:00","description":"Presencia en la red para tu empresa con tu p\u00e1gina Web. Netrotec somos especialistas en desarrollo web con precios muy competitivos","breadcrumb":{"@id":"https:\/\/www.netrotec.com\/es\/desarrollo-web\/#breadcrumb"},"inLanguage":"es","potentialAction":[{"@type":"ReadAction","target":["https:\/\/www.netrotec.com\/es\/desarrollo-web\/"]}]},{"@type":"ImageObject","inLanguage":"es","@id":"https:\/\/www.netrotec.com\/es\/desarrollo-web\/#primaryimage","url":"https:\/\/www.netrotec.com\/wp-content\/uploads\/2025\/04\/desarrollo-web-1024x576.jpeg","contentUrl":"https:\/\/www.netrotec.com\/wp-content\/uploads\/2025\/04\/desarrollo-web-1024x576.jpeg"},{"@type":"BreadcrumbList","@id":"https:\/\/www.netrotec.com\/es\/desarrollo-web\/#breadcrumb","itemListElement":[{"@type":"ListItem","position":1,"name":"Home","item":"https:\/\/www.netrotec.com\/"},{"@type":"ListItem","position":2,"name":"Desarrollo Web"}]},{"@type":"WebSite","@id":"https:\/\/www.netrotec.com\/#website","url":"https:\/\/www.netrotec.com\/","name":"Netrotec","description":"Servicios inform\u00e1ticos","publisher":{"@id":"https:\/\/www.netrotec.com\/#organization"},"potentialAction":[{"@type":"SearchAction","target":{"@type":"EntryPoint","urlTemplate":"https:\/\/www.netrotec.com\/?s={search_term_string}"},"query-input":{"@type":"PropertyValueSpecification","valueRequired":true,"valueName":"search_term_string"}}],"inLanguage":"es"},{"@type":"Organization","@id":"https:\/\/www.netrotec.com\/#organization","name":"Netrotec","url":"https:\/\/www.netrotec.com\/","logo":{"@type":"ImageObject","inLanguage":"es","@id":"https:\/\/www.netrotec.com\/#\/schema\/logo\/image\/","url":"https:\/\/www.netrotec.com\/wp-content\/uploads\/2025\/04\/cropped-logo-claro.png","contentUrl":"https:\/\/www.netrotec.com\/wp-content\/uploads\/2025\/04\/cropped-logo-claro.png","width":472,"height":118,"caption":"Netrotec"},"image":{"@id":"https:\/\/www.netrotec.com\/#\/schema\/logo\/image\/"}}]}},"_links":{"self":[{"href":"https:\/\/www.netrotec.com\/es\/wp-json\/wp\/v2\/pages\/2266","targetHints":{"allow":["GET"]}}],"collection":[{"href":"https:\/\/www.netrotec.com\/es\/wp-json\/wp\/v2\/pages"}],"about":[{"href":"https:\/\/www.netrotec.com\/es\/wp-json\/wp\/v2\/types\/page"}],"author":[{"embeddable":true,"href":"https:\/\/www.netrotec.com\/es\/wp-json\/wp\/v2\/users\/1"}],"replies":[{"embeddable":true,"href":"https:\/\/www.netrotec.com\/es\/wp-json\/wp\/v2\/comments?post=2266"}],"version-history":[{"count":23,"href":"https:\/\/www.netrotec.com\/es\/wp-json\/wp\/v2\/pages\/2266\/revisions"}],"predecessor-version":[{"id":12428,"href":"https:\/\/www.netrotec.com\/es\/wp-json\/wp\/v2\/pages\/2266\/revisions\/12428"}],"wp:attachment":[{"href":"https:\/\/www.netrotec.com\/es\/wp-json\/wp\/v2\/media?parent=2266"}],"curies":[{"name":"wp","href":"https:\/\/api.w.org\/{rel}","templated":true}]}}